{"id":2638,"date":"2025-01-09T12:54:43","date_gmt":"2025-01-09T15:54:43","guid":{"rendered":"https:\/\/medicalservice.com.ar\/laboral\/arts-copy\/"},"modified":"2025-01-09T14:15:58","modified_gmt":"2025-01-09T17:15:58","slug":"libreta-sanitaria","status":"publish","type":"page","link":"https:\/\/medicalservice.com.ar\/laboral\/libreta-sanitaria\/","title":{"rendered":"Libreta Sanitaria"},"content":{"rendered":"\t\t<div data-elementor-type=\"wp-page\" data-elementor-id=\"2638\" class=\"elementor elementor-2638\" data-elementor-post-type=\"page\">\n\t\t\t\t<div class=\"elementor-element elementor-element-ca5c47b e-flex e-con-boxed e-con e-parent\" data-id=\"ca5c47b\" data-element_type=\"container\" data-e-type=\"container\" data-settings=\"{&quot;background_background&quot;:&quot;classic&quot;,&quot;jet_parallax_layout_list&quot;:[]}\">\n\t\t\t\t\t<div class=\"e-con-inner\">\n\t\t<div class=\"elementor-element elementor-element-4eea1da e-con-full e-flex e-con e-child\" data-id=\"4eea1da\" data-element_type=\"container\" data-e-type=\"container\" data-settings=\"{&quot;jet_parallax_layout_list&quot;:[]}\">\n\t\t\t\t<div class=\"elementor-element elementor-element-88c8861 elementor-invisible elementor-widget elementor-widget-heading\" data-id=\"88c8861\" data-element_type=\"widget\" data-e-type=\"widget\" data-settings=\"{&quot;_animation&quot;:&quot;fadeIn&quot;}\" data-widget_type=\"heading.default\">\n\t\t\t\t<div class=\"elementor-widget-container\">\n\t\t\t\t\t<h2 class=\"elementor-heading-title elementor-size-default\">Libreta Sanitaria<\/h2>\t\t\t\t<\/div>\n\t\t\t\t<\/div>\n\t\t\t\t<\/div>\n\t\t\t\t\t<\/div>\n\t\t\t\t<\/div>\n\t\t<div class=\"elementor-element elementor-element-cc4247c e-flex e-con-boxed e-con e-parent\" data-id=\"cc4247c\" data-element_type=\"container\" data-e-type=\"container\" data-settings=\"{&quot;jet_parallax_layout_list&quot;:[]}\">\n\t\t\t\t\t<div class=\"e-con-inner\">\n\t\t<div class=\"elementor-element elementor-element-230495b e-con-full e-flex e-con e-child\" data-id=\"230495b\" data-element_type=\"container\" data-e-type=\"container\" data-settings=\"{&quot;jet_parallax_layout_list&quot;:[]}\">\n\t\t\t\t<div class=\"elementor-element elementor-element-0021402 elementor-invisible elementor-widget elementor-widget-heading\" data-id=\"0021402\" data-element_type=\"widget\" data-e-type=\"widget\" data-settings=\"{&quot;_animation&quot;:&quot;fadeIn&quot;}\" data-widget_type=\"heading.default\">\n\t\t\t\t<div class=\"elementor-widget-container\">\n\t\t\t\t\t<h2 class=\"elementor-heading-title elementor-size-default\">Conoc\u00e9 las actividades laborales que requieren Libreta Sanitaria y los estudios necesarios para su obtenci\u00f3n.<\/h2>\t\t\t\t<\/div>\n\t\t\t\t<\/div>\n\t\t\t\t<div class=\"elementor-element elementor-element-42a81ec elementor-invisible elementor-widget elementor-widget-heading\" data-id=\"42a81ec\" data-element_type=\"widget\" data-e-type=\"widget\" data-settings=\"{&quot;_animation&quot;:&quot;fadeIn&quot;}\" data-widget_type=\"heading.default\">\n\t\t\t\t<div class=\"elementor-widget-container\">\n\t\t\t\t\t<h1 class=\"elementor-heading-title elementor-size-default\">Libreta Sanitaria: Un Requisito Obligatorio<\/h1>\t\t\t\t<\/div>\n\t\t\t\t<\/div>\n\t\t\t\t<div class=\"elementor-element elementor-element-6d211e5 elementor-widget elementor-widget-text-editor\" data-id=\"6d211e5\" data-element_type=\"widget\" data-e-type=\"widget\" data-widget_type=\"text-editor.default\">\n\t\t\t\t<div class=\"elementor-widget-container\">\n\t\t\t\t\t\t\t\t\t<p>Deben poseer obligatoriamente Libreta Sanitaria las personas afectadas a las siguientes actividades:<\/p><ol class=\"wp-block-list\"><li>Alimentaci\u00f3n.<br \/><ol type=\"a\"><li>Personas que intervengan en los distintos procesos que abarca la industrializaci\u00f3n, dep\u00f3sito, transporte, manipulaci\u00f3n y venta de productos alimenticios.<\/li><li>Personas que se desempe\u00f1an en la venta y manipulaci\u00f3n ambulante de productos alimenticios.<\/li><li>Personas que efect\u00faan reparto de comidas a domicilio (delivery).<\/li><li>Personal de los establecimientos que ofrecen servicios de lunch o catering, para fiestas u otros eventos.<\/li><\/ol><\/li><li>Transporte.<br \/>Personal a cargo de la conducci\u00f3n y cuidado de pasajeros y\/o traslado en los veh\u00edculos destinados al transporte de personas que concurren a instituciones asistenciales, educacionales y\/o deportivas y traslado de grupos tur\u00edsticos.<\/li><li>Servicios sociales.<br \/>Personal a cargo del cuidado de lactantes, ni\u00f1os o ancianos en guarder\u00edas, jardines maternales, comedores comunitarios, hogares o establecimientos geri\u00e1tricos, asilos y en atenci\u00f3n de personas con necesidades especiales.<\/li><li>Servicio dom\u00e9stico.<br \/>Personal que se desempe\u00f1a en funci\u00f3n de dependencia para quehaceres dom\u00e9sticos.<\/li><li>Servicios de peluquer\u00eda y afines.<br \/>Personal que se desempe\u00f1a en peluquer\u00edas, institutos de belleza, spa, masajes y saunas.<\/li><li>Natatorios.<br \/>Personal que se desempe\u00f1a en natatorios p\u00fablicos, comerciales y semip\u00fablicos.<\/li><li>Hoteles y afines.<br \/><ol type=\"a\"><li>Personal que desempe\u00f1a tareas de limpieza, mozos o personal de cocina de hoteles, pensiones, hoteles alojamiento, apart hotel, hostal y albergues transitorios.<\/li><li>Estudiantes de escuelas de gastronom\u00eda en los casos que comercialicen su producci\u00f3n, realicen donaci\u00f3n de la misma y realicen pasant\u00edas educativas.<\/li><\/ol><\/li><li>Actividades vinculadas con la aplicaci\u00f3n de tatuajes, perforaciones, micropigmentaci\u00f3n u otras similares.<br \/>Personal que se desempe\u00f1a en actividades vinculadas con la aplicaci\u00f3n de tatuajes, perforaciones, micropigmentaciones u otras similares de conformidad a lo indicado en la Ley N\u00b0 1.897.<\/li><\/ol><p><strong>Se establecen para la obtenci\u00f3n de la Libreta Sanitaria los siguientes estudios y ex\u00e1menes:<\/strong><\/p><ul class=\"wp-block-list\"><li>Examen cl\u00ednico general.<\/li><li>An\u00e1lisis de laboratorio (eritrosedimentaci\u00f3n y hemograma completo).<\/li><li>Reacciones biol\u00f3gicas (reacciones serol\u00f3gicas de la s\u00edfilis y tubercul\u00ednicas).<\/li><li>Inmunizaciones obligatorias por ley en los casos que corresponda.<\/li><li>Ex\u00e1menes complementarios en caso de corresponder.<\/li><li>Placa de torax.<\/li><li>Vacuna Doble Adulto.<\/li><li>Para las actividades contempladas en el art\u00edculo 4\u00ba rubros I, III y VIII debe complementarse, de manera obligatoria, con la aplicaci\u00f3n de la vacuna Anti-Hepatitis A.<\/li><li>Para la actividad contemplada en el articulo 4\u00ba, rubro V debe complementarse, de manera obligatoria, con la aplicaci\u00f3n de la vacuna Anti-Hepatitis B.<\/li><li>Los estudios, an\u00e1lisis e inmunizaciones indicadas en el punto 5\u00ba apartados 1), 2) y 3) podr\u00e1n realizarse en establecimientos dependientes de los tres subsectores de salud establecidos en el articulo 10\u00b0 de la Ley N\u00b0 153, suscriptos por profesionales matriculados y deben ser presentados ante la Divisi\u00f3n o Unidad de Promoci\u00f3n y Protecci\u00f3n de los estabiecimientos establecidos en el apartado 1\u00b0 del presente ANEXO I.<br \/>En los casos que los estudios, an\u00e1lisis e inmunizaciones sean realizados en los subsectores de la seguridad social y privados, los empleadores deben afrontar el gasto que ocasionen los mismos.<\/li><\/ul>\t\t\t\t\t\t\t\t<\/div>\n\t\t\t\t<\/div>\n\t\t\t\t<\/div>\n\t\t\t\t\t<\/div>\n\t\t\t\t<\/div>\n\t\t<div class=\"elementor-element elementor-element-6d74837 e-flex e-con-boxed e-con e-parent\" data-id=\"6d74837\" data-element_type=\"container\" data-e-type=\"container\" data-settings=\"{&quot;background_background&quot;:&quot;classic&quot;,&quot;jet_parallax_layout_list&quot;:[]}\">\n\t\t\t\t\t<div class=\"e-con-inner\">\n\t\t<div class=\"elementor-element elementor-element-dbd1ed1 e-con-full e-flex elementor-invisible e-con e-child\" data-id=\"dbd1ed1\" data-element_type=\"container\" data-e-type=\"container\" data-settings=\"{&quot;background_background&quot;:&quot;classic&quot;,&quot;animation&quot;:&quot;fadeIn&quot;,&quot;jet_parallax_layout_list&quot;:[]}\">\n\t\t\t\t<div class=\"elementor-element elementor-element-ab99d9a elementor-widget elementor-widget-heading\" data-id=\"ab99d9a\" data-element_type=\"widget\" data-e-type=\"widget\" data-widget_type=\"heading.default\">\n\t\t\t\t<div class=\"elementor-widget-container\">\n\t\t\t\t\t<h2 class=\"elementor-heading-title elementor-size-default\">Hospitales en los cu\u00e1les se tramita:\n\n<\/h2>\t\t\t\t<\/div>\n\t\t\t\t<\/div>\n\t\t\t\t<div class=\"elementor-element elementor-element-8020dd1 elementor-widget elementor-widget-text-editor\" data-id=\"8020dd1\" data-element_type=\"widget\" data-e-type=\"widget\" data-widget_type=\"text-editor.default\">\n\t\t\t\t<div class=\"elementor-widget-container\">\n\t\t\t\t\t\t\t\t\t<ul><li>\u00c1lvarez<\/li><li>Argerich<\/li><li>Durand<\/li><li>Fern\u00e1ndez<\/li><li>Penna<\/li><li>Pi\u00f1ero<\/li><li>Pirovano<\/li><li>Ramos Mej\u00eda<\/li><li>Rivadavia<\/li><li>Santojanni<\/li><li>Torn\u00fa<\/li><li>V\u00e9lez Sarsfield<\/li><\/ul>\t\t\t\t\t\t\t\t<\/div>\n\t\t\t\t<\/div>\n\t\t\t\t<div class=\"elementor-element elementor-element-feb5890 elementor-widget elementor-widget-heading\" data-id=\"feb5890\" data-element_type=\"widget\" data-e-type=\"widget\" data-widget_type=\"heading.default\">\n\t\t\t\t<div class=\"elementor-widget-container\">\n\t\t\t\t\t<h2 class=\"elementor-heading-title elementor-size-default\">Tel\u00e9fonos de los servicios a<br> cargo del otorgamiento de la libreta:<\/h2>\t\t\t\t<\/div>\n\t\t\t\t<\/div>\n\t\t\t\t<div class=\"elementor-element elementor-element-5089fd7 elementor-widget elementor-widget-text-editor\" data-id=\"5089fd7\" data-element_type=\"widget\" data-e-type=\"widget\" data-widget_type=\"text-editor.default\">\n\t\t\t\t<div class=\"elementor-widget-container\">\n\t\t\t\t\t\t\t\t\t<ul><li>Hospital Alvarez: 4611-0471 int. 2264<\/li><li>Hospital Argerich: 4121-0105<\/li><li>Hospital Durand: 4981-2790<\/li><li>Hospital Fern\u00e1ndez: 4808-2600 Int 2143<\/li><li>Hospital Penna: 4911-4796<\/li><li>Hospital Pi\u00f1ero: 4634-3033<\/li><li>Hospital Pirovano: 6771-0453 \/ 4544-2310<\/li><li>Hospital Ramos Mej\u00eda: 4127-0241\/0242<\/li><li>Hospital Rivadavia: 4801-7256\/ 4809-2097 int. 2158<\/li><li>Hospital Santojanni: 4630-5715<\/li><\/ul>\t\t\t\t\t\t\t\t<\/div>\n\t\t\t\t<\/div>\n\t\t\t\t<\/div>\n\t\t<div class=\"elementor-element elementor-element-c84bd90 e-con-full e-flex elementor-invisible e-con e-child\" data-id=\"c84bd90\" data-element_type=\"container\" data-e-type=\"container\" data-settings=\"{&quot;background_background&quot;:&quot;classic&quot;,&quot;animation&quot;:&quot;fadeIn&quot;,&quot;jet_parallax_layout_list&quot;:[]}\">\n\t\t\t\t<div class=\"elementor-element elementor-element-72742d4 elementor-widget elementor-widget-heading\" data-id=\"72742d4\" data-element_type=\"widget\" data-e-type=\"widget\" data-widget_type=\"heading.default\">\n\t\t\t\t<div class=\"elementor-widget-container\">\n\t\t\t\t\t<h2 class=\"elementor-heading-title elementor-size-default\">Ten\u00e9 en cuenta qui\u00e9n puede efectuarlo.\n<\/h2>\t\t\t\t<\/div>\n\t\t\t\t<\/div>\n\t\t\t\t<div class=\"elementor-element elementor-element-9a7b984 elementor-widget elementor-widget-text-editor\" data-id=\"9a7b984\" data-element_type=\"widget\" data-e-type=\"widget\" data-widget_type=\"text-editor.default\">\n\t\t\t\t<div class=\"elementor-widget-container\">\n\t\t\t\t\t\t\t\t\t<p><strong>El Solicitante<\/strong> por derecho propio de acuerdo con lo establecido en el punto 2 y el trabajador en relaci\u00f3n de dependencia, quien deber\u00e1 concurrir con una nota del empleador en donde conste la raz\u00f3n social, domicilio y responsable de la Empresa donde desarrollar\u00e1 la actividad por la cual requiere la Libreta Sanitaria.<\/p><p>Su renovaci\u00f3n deber\u00e1 realizarse cada un a\u00f1o. Este certificado tiene validez solamente para la Ciudad Aut\u00f3noma de Buenos Aires<\/p><p>Los solicitantes del gremio de la alimentaci\u00f3n deber\u00e1n presentar certificado de aprobaci\u00f3n del CURSO DE MANIPULADORES DE ALIMENTOS, como lo pide el C\u00f3digo Alimentario Nacional.\u00a0<\/p><p>\u00a0<\/p>\t\t\t\t\t\t\t\t<\/div>\n\t\t\t\t<\/div>\n\t\t\t\t<\/div>\n\t\t\t\t\t<\/div>\n\t\t\t\t<\/div>\n\t\t<div class=\"elementor-element elementor-element-79860e6 e-flex e-con-boxed e-con e-parent\" data-id=\"79860e6\" data-element_type=\"container\" data-e-type=\"container\" data-settings=\"{&quot;jet_parallax_layout_list&quot;:[]}\">\n\t\t\t\t\t<div class=\"e-con-inner\">\n\t\t<div class=\"elementor-element elementor-element-3c0667c e-con-full e-flex elementor-invisible e-con e-child\" data-id=\"3c0667c\" data-element_type=\"container\" data-e-type=\"container\" data-settings=\"{&quot;animation&quot;:&quot;fadeIn&quot;,&quot;animation_delay&quot;:100,&quot;background_background&quot;:&quot;classic&quot;,&quot;jet_parallax_layout_list&quot;:[]}\">\n\t\t\t\t<\/div>\n\t\t<div class=\"elementor-element elementor-element-8b72dd9 e-con-full e-flex elementor-invisible e-con e-child\" data-id=\"8b72dd9\" data-element_type=\"container\" data-e-type=\"container\" data-settings=\"{&quot;background_background&quot;:&quot;classic&quot;,&quot;animation&quot;:&quot;fadeInRight&quot;,&quot;jet_parallax_layout_list&quot;:[]}\">\n\t\t\t\t<div class=\"elementor-element elementor-element-0fd2b97 elementor-widget elementor-widget-heading\" data-id=\"0fd2b97\" data-element_type=\"widget\" data-e-type=\"widget\" data-widget_type=\"heading.default\">\n\t\t\t\t<div class=\"elementor-widget-container\">\n\t\t\t\t\t<h2 class=\"elementor-heading-title elementor-size-default\">Deje la salud de su empresa en nuestras manos<\/h2>\t\t\t\t<\/div>\n\t\t\t\t<\/div>\n\t\t\t\t<div class=\"elementor-element elementor-element-87ca900 elementor-widget elementor-widget-text-editor\" data-id=\"87ca900\" data-element_type=\"widget\" data-e-type=\"widget\" data-widget_type=\"text-editor.default\">\n\t\t\t\t<div class=\"elementor-widget-container\">\n\t\t\t\t\t\t\t\t\t<p>Desde Medicalservice, buscamos brindar un servicio diferencial y de calidad, basado en la capacidad y<br \/>aptitud de nuestro cuerpo medico, como en la eficiencia y trabajo de todo el personal, al servicio de la salud.<\/p>\t\t\t\t\t\t\t\t<\/div>\n\t\t\t\t<\/div>\n\t\t<div class=\"elementor-element elementor-element-6ebf47c e-con-full e-flex e-con e-child\" data-id=\"6ebf47c\" data-element_type=\"container\" data-e-type=\"container\" data-settings=\"{&quot;jet_parallax_layout_list&quot;:[]}\">\n\t\t\t\t<div class=\"elementor-element elementor-element-6b3c0d0 elementor-align-left elementor-widget__width-auto elementor-widget elementor-widget-button\" data-id=\"6b3c0d0\" data-element_type=\"widget\" data-e-type=\"widget\" data-widget_type=\"button.default\">\n\t\t\t\t<div class=\"elementor-widget-container\">\n\t\t\t\t\t\t\t\t\t<div class=\"elementor-button-wrapper\">\n\t\t\t\t\t<a class=\"elementor-button elementor-button-link elementor-size-md\" href=\"https:\/\/medicalservice.com.ar\/laboral\/contacto\/\">\n\t\t\t\t\t\t<span class=\"elementor-button-content-wrapper\">\n\t\t\t\t\t\t<span class=\"elementor-button-icon\">\n\t\t\t\t<svg aria-hidden=\"true\" class=\"e-font-icon-svg e-far-comments\" viewBox=\"0 0 576 512\" xmlns=\"http:\/\/www.w3.org\/2000\/svg\"><path d=\"M532 386.2c27.5-27.1 44-61.1 44-98.2 0-80-76.5-146.1-176.2-157.9C368.3 72.5 294.3 32 208 32 93.1 32 0 103.6 0 192c0 37 16.5 71 44 98.2-15.3 30.7-37.3 54.5-37.7 54.9-6.3 6.7-8.1 16.5-4.4 25 3.6 8.5 12 14 21.2 14 53.5 0 96.7-20.2 125.2-38.8 9.2 2.1 18.7 3.7 28.4 4.9C208.1 407.6 281.8 448 368 448c20.8 0 40.8-2.4 59.8-6.8C456.3 459.7 499.4 480 553 480c9.2 0 17.5-5.5 21.2-14 3.6-8.5 1.9-18.3-4.4-25-.4-.3-22.5-24.1-37.8-54.8zm-392.8-92.3L122.1 305c-14.1 9.1-28.5 16.3-43.1 21.4 2.7-4.7 5.4-9.7 8-14.8l15.5-31.1L77.7 256C64.2 242.6 48 220.7 48 192c0-60.7 73.3-112 160-112s160 51.3 160 112-73.3 112-160 112c-16.5 0-33-1.9-49-5.6l-19.8-4.5zM498.3 352l-24.7 24.4 15.5 31.1c2.6 5.1 5.3 10.1 8 14.8-14.6-5.1-29-12.3-43.1-21.4l-17.1-11.1-19.9 4.6c-16 3.7-32.5 5.6-49 5.6-54 0-102.2-20.1-131.3-49.7C338 339.5 416 272.9 416 192c0-3.4-.4-6.7-.7-10C479.7 196.5 528 238.8 528 288c0 28.7-16.2 50.6-29.7 64z\"><\/path><\/svg>\t\t\t<\/span>\n\t\t\t\t\t\t\t\t\t<span class=\"elementor-button-text\">Cont\u00e1ctenos<\/span>\n\t\t\t\t\t<\/span>\n\t\t\t\t\t<\/a>\n\t\t\t\t<\/div>\n\t\t\t\t\t\t\t\t<\/div>\n\t\t\t\t<\/div>\n\t\t\t\t<\/div>\n\t\t\t\t<\/div>\n\t\t\t\t\t<\/div>\n\t\t\t\t<\/div>\n\t\t\t\t<\/div>\n\t\t","protected":false},"excerpt":{"rendered":"<p>Libreta Sanitaria Conoc\u00e9 las actividades laborales que requieren Libreta Sanitaria y los estudios necesarios para su obtenci\u00f3n. Libreta Sanitaria: Un Requisito Obligatorio Deben poseer obligatoriamente Libreta Sanitaria las personas afectadas a las siguientes actividades: Alimentaci\u00f3n. Personas que intervengan en los distintos procesos que abarca la industrializaci\u00f3n, dep\u00f3sito, transporte, manipulaci\u00f3n y venta de productos alimenticios. Personas [&hellip;]<\/p>\n","protected":false},"author":1,"featured_media":0,"parent":0,"menu_order":0,"comment_status":"closed","ping_status":"closed","template":"","meta":{"site-sidebar-layout":"no-sidebar","site-content-layout":"page-builder","ast-site-content-layout":"full-width-container","site-content-style":"default","site-sidebar-style":"default","ast-global-header-display":"","ast-banner-title-visibility":"","ast-main-header-display":"","ast-hfb-above-header-display":"","ast-hfb-below-header-display":"","ast-hfb-mobile-header-display":"","site-post-title":"disabled","ast-breadcrumbs-content":"","ast-featured-img":"disabled","footer-sml-layout":"","ast-disable-related-posts":"","theme-transparent-header-meta":"","adv-header-id-meta":"","stick-header-meta":"","header-above-stick-meta":"","header-main-stick-meta":"","header-below-stick-meta":"","astra-migrate-meta-layouts":"set","ast-page-background-enabled":"default","ast-page-background-meta":{"desktop":{"background-color":"var(--ast-global-color-4)","background-image":"","background-repeat":"repeat","background-position":"center center","background-size":"auto","background-attachment":"scroll","background-type":"","background-media":"","overlay-type":"","overlay-color":"","overlay-opacity":"","overlay-gradient":""},"tablet":{"background-color":"","background-image":"","background-repeat":"repeat","background-position":"center center","background-size":"auto","background-attachment":"scroll","background-type":"","background-media":"","overlay-type":"","overlay-color":"","overlay-opacity":"","overlay-gradient":""},"mobile":{"background-color":"","background-image":"","background-repeat":"repeat","background-position":"center center","background-size":"auto","background-attachment":"scroll","background-type":"","background-media":"","overlay-type":"","overlay-color":"","overlay-opacity":"","overlay-gradient":""}},"ast-content-background-meta":{"desktop":{"background-color":"var(--ast-global-color-5)","background-image":"","background-repeat":"repeat","background-position":"center center","background-size":"auto","background-attachment":"scroll","background-type":"","background-media":"","overlay-type":"","overlay-color":"","overlay-opacity":"","overlay-gradient":""},"tablet":{"background-color":"var(--ast-global-color-5)","background-image":"","background-repeat":"repeat","background-position":"center center","background-size":"auto","background-attachment":"scroll","background-type":"","background-media":"","overlay-type":"","overlay-color":"","overlay-opacity":"","overlay-gradient":""},"mobile":{"background-color":"var(--ast-global-color-5)","background-image":"","background-repeat":"repeat","background-position":"center center","background-size":"auto","background-attachment":"scroll","background-type":"","background-media":"","overlay-type":"","overlay-color":"","overlay-opacity":"","overlay-gradient":""}},"_joinchat":[],"footnotes":""},"class_list":["post-2638","page","type-page","status-publish","hentry"],"aioseo_notices":[],"_links":{"self":[{"href":"https:\/\/medicalservice.com.ar\/laboral\/wp-json\/wp\/v2\/pages\/2638","targetHints":{"allow":["GET"]}}],"collection":[{"href":"https:\/\/medicalservice.com.ar\/laboral\/wp-json\/wp\/v2\/pages"}],"about":[{"href":"https:\/\/medicalservice.com.ar\/laboral\/wp-json\/wp\/v2\/types\/page"}],"author":[{"embeddable":true,"href":"https:\/\/medicalservice.com.ar\/laboral\/wp-json\/wp\/v2\/users\/1"}],"replies":[{"embeddable":true,"href":"https:\/\/medicalservice.com.ar\/laboral\/wp-json\/wp\/v2\/comments?post=2638"}],"version-history":[{"count":19,"href":"https:\/\/medicalservice.com.ar\/laboral\/wp-json\/wp\/v2\/pages\/2638\/revisions"}],"predecessor-version":[{"id":2660,"href":"https:\/\/medicalservice.com.ar\/laboral\/wp-json\/wp\/v2\/pages\/2638\/revisions\/2660"}],"wp:attachment":[{"href":"https:\/\/medicalservice.com.ar\/laboral\/wp-json\/wp\/v2\/media?parent=2638"}],"curies":[{"name":"wp","href":"https:\/\/api.w.org\/{rel}","templated":true}]}}