{"id":2362,"date":"2024-04-10T17:44:10","date_gmt":"2024-04-10T20:44:10","guid":{"rendered":"https:\/\/medicalservice.com.ar\/laboral\/?page_id=2362"},"modified":"2024-04-10T17:58:40","modified_gmt":"2024-04-10T20:58:40","slug":"campanas-de-vacunacion","status":"publish","type":"page","link":"https:\/\/medicalservice.com.ar\/laboral\/campanas-de-vacunacion\/","title":{"rendered":"Campa\u00f1as de vacunaci\u00f3n"},"content":{"rendered":"\t\t<div data-elementor-type=\"wp-page\" data-elementor-id=\"2362\" class=\"elementor elementor-2362\" data-elementor-post-type=\"page\">\n\t\t\t\t<div class=\"elementor-element elementor-element-abfa3f5 e-flex e-con-boxed e-con e-parent\" data-id=\"abfa3f5\" data-element_type=\"container\" data-e-type=\"container\" data-settings=\"{&quot;background_background&quot;:&quot;classic&quot;,&quot;jet_parallax_layout_list&quot;:[]}\">\n\t\t\t\t\t<div class=\"e-con-inner\">\n\t\t<div class=\"elementor-element elementor-element-824641b e-con-full e-flex e-con e-child\" data-id=\"824641b\" data-element_type=\"container\" data-e-type=\"container\" data-settings=\"{&quot;jet_parallax_layout_list&quot;:[]}\">\n\t\t\t\t<div class=\"elementor-element elementor-element-f99f15a elementor-invisible elementor-widget elementor-widget-heading\" data-id=\"f99f15a\" data-element_type=\"widget\" data-e-type=\"widget\" data-settings=\"{&quot;_animation&quot;:&quot;fadeIn&quot;}\" data-widget_type=\"heading.default\">\n\t\t\t\t<div class=\"elementor-widget-container\">\n\t\t\t\t\t<h2 class=\"elementor-heading-title elementor-size-default\">Campa\u00f1as de vacunaci\u00f3n<\/h2>\t\t\t\t<\/div>\n\t\t\t\t<\/div>\n\t\t\t\t<\/div>\n\t\t\t\t\t<\/div>\n\t\t\t\t<\/div>\n\t\t<div class=\"elementor-element elementor-element-d45ab9b e-flex e-con-boxed e-con e-parent\" data-id=\"d45ab9b\" data-element_type=\"container\" data-e-type=\"container\" data-settings=\"{&quot;jet_parallax_layout_list&quot;:[]}\">\n\t\t\t\t\t<div class=\"e-con-inner\">\n\t\t<div class=\"elementor-element elementor-element-70c4b6e e-con-full e-flex elementor-invisible e-con e-child\" data-id=\"70c4b6e\" data-element_type=\"container\" data-e-type=\"container\" data-settings=\"{&quot;animation&quot;:&quot;fadeIn&quot;,&quot;animation_delay&quot;:200,&quot;jet_parallax_layout_list&quot;:[]}\">\n\t\t\t\t<div class=\"elementor-element elementor-element-1f87a97 elementor-invisible elementor-widget elementor-widget-heading\" data-id=\"1f87a97\" data-element_type=\"widget\" data-e-type=\"widget\" data-settings=\"{&quot;_animation&quot;:&quot;fadeIn&quot;}\" data-widget_type=\"heading.default\">\n\t\t\t\t<div class=\"elementor-widget-container\">\n\t\t\t\t\t<h2 class=\"elementor-heading-title elementor-size-default\">VACUNA ANTIGRIPAL PARA<br>TEMPORADA 2024\n<\/h2>\t\t\t\t<\/div>\n\t\t\t\t<\/div>\n\t\t<div class=\"elementor-element elementor-element-1b789ce e-flex e-con-boxed e-con e-child\" data-id=\"1b789ce\" data-element_type=\"container\" data-e-type=\"container\" data-settings=\"{&quot;jet_parallax_layout_list&quot;:[]}\">\n\t\t\t\t\t<div class=\"e-con-inner\">\n\t\t\t\t<div class=\"elementor-element elementor-element-882ddd1 elementor-widget elementor-widget-text-editor\" data-id=\"882ddd1\" data-element_type=\"widget\" data-e-type=\"widget\" data-widget_type=\"text-editor.default\">\n\t\t\t\t<div class=\"elementor-widget-container\">\n\t\t\t\t\t\t\t\t\t<p>La vacuna tetravalente es la herramienta de prevenci\u00f3n m\u00e1s importante para protegerse de la enfermedad y limitar la circulaci\u00f3n viral.<\/p><ul><li>Ayuda a reducir las complicaciones causadas por el coronavirus.<\/li><li>La protecci\u00f3n de la vacuna se obtiene entre la 2da y 3er semana aproximadamente despu\u00e9s de la aplicaci\u00f3n.<\/li><li>Las vacunas podr\u00e1n ser dadas en cualquiera de nuestras sedes o en tu empresa bajo estrictos protocolos sanitarios.<\/li><\/ul><h4>4 razones para vacunar en tu Empresa:<\/h4><ul><li>Reduce el ausentismo por enfermedad o consultas m\u00e9dicas.<\/li><li>Mejora la salud de los colaboradores.<\/li><li>Brinda un entorno laboral seguro.<\/li><li>Protege de la enfermedad y limita la circulaci\u00f3n viral.<\/li><\/ul>\t\t\t\t\t\t\t\t<\/div>\n\t\t\t\t<\/div>\n\t\t<div class=\"elementor-element elementor-element-445333a e-flex e-con-boxed e-con e-child\" data-id=\"445333a\" data-element_type=\"container\" data-e-type=\"container\" data-settings=\"{&quot;background_background&quot;:&quot;classic&quot;,&quot;jet_parallax_layout_list&quot;:[]}\">\n\t\t\t\t\t<div class=\"e-con-inner\">\n\t\t\t\t<div class=\"elementor-element elementor-element-11bc19b elementor-invisible elementor-widget elementor-widget-heading\" data-id=\"11bc19b\" data-element_type=\"widget\" data-e-type=\"widget\" data-settings=\"{&quot;_animation&quot;:&quot;fadeIn&quot;}\" data-widget_type=\"heading.default\">\n\t\t\t\t<div class=\"elementor-widget-container\">\n\t\t\t\t\t<h3 class=\"elementor-heading-title elementor-size-default\">Cepas recomendadas por OMS para hemisferio sur:\n<\/h3>\t\t\t\t<\/div>\n\t\t\t\t<\/div>\n\t\t\t\t<div class=\"elementor-element elementor-element-0b3690b elementor-widget elementor-widget-text-editor\" data-id=\"0b3690b\" data-element_type=\"widget\" data-e-type=\"widget\" data-widget_type=\"text-editor.default\">\n\t\t\t\t<div class=\"elementor-widget-container\">\n\t\t\t\t\t\t\t\t\t<ul><li class=\"text-white\">A\/Vcitoria\/4897\/2022 (H1N1) pdm09 &#8211; cepa an\u00e1loga<br \/><br \/><\/li><li class=\"text-white\">A\/Thailand\/8\/2022 (H3N2) &#8211; cepa an\u00e1loga<br \/><br \/><\/li><li class=\"text-white\">B\/Austria\/1359417\/2021 (linaje B\/Victoria) &#8211; cepa an\u00e1loga<br \/><br \/><\/li><li class=\"text-white\">B\/Phuket\/3073\/2013 (linaje B\/Yamagata) &#8211; cepa an\u00e1loga<\/li><\/ul>\t\t\t\t\t\t\t\t<\/div>\n\t\t\t\t<\/div>\n\t\t\t\t\t<\/div>\n\t\t\t\t<\/div>\n\t\t\t\t<div class=\"elementor-element elementor-element-ba69074 elementor-align-left elementor-widget__width-inherit elementor-widget elementor-widget-button\" data-id=\"ba69074\" data-element_type=\"widget\" data-e-type=\"widget\" data-widget_type=\"button.default\">\n\t\t\t\t<div class=\"elementor-widget-container\">\n\t\t\t\t\t\t\t\t\t<div class=\"elementor-button-wrapper\">\n\t\t\t\t\t<a class=\"elementor-button elementor-button-link elementor-size-sm\" href=\"https:\/\/calendly.com\/medicalservice\/reunion-privada\" target=\"_blank\">\n\t\t\t\t\t\t<span class=\"elementor-button-content-wrapper\">\n\t\t\t\t\t\t<span class=\"elementor-button-icon\">\n\t\t\t\t<svg aria-hidden=\"true\" class=\"e-font-icon-svg e-fas-chevron-right\" viewBox=\"0 0 320 512\" xmlns=\"http:\/\/www.w3.org\/2000\/svg\"><path d=\"M285.476 272.971L91.132 467.314c-9.373 9.373-24.569 9.373-33.941 0l-22.667-22.667c-9.357-9.357-9.375-24.522-.04-33.901L188.505 256 34.484 101.255c-9.335-9.379-9.317-24.544.04-33.901l22.667-22.667c9.373-9.373 24.569-9.373 33.941 0L285.475 239.03c9.373 9.372 9.373 24.568.001 33.941z\"><\/path><\/svg>\t\t\t<\/span>\n\t\t\t\t\t\t\t\t\t<span class=\"elementor-button-text\">Solicitar un Asesor<\/span>\n\t\t\t\t\t<\/span>\n\t\t\t\t\t<\/a>\n\t\t\t\t<\/div>\n\t\t\t\t\t\t\t\t<\/div>\n\t\t\t\t<\/div>\n\t\t\t\t\t<\/div>\n\t\t\t\t<\/div>\n\t\t\t\t<\/div>\n\t\t<div class=\"elementor-element elementor-element-7729a38 e-con-full e-flex elementor-invisible e-con e-child\" data-id=\"7729a38\" data-element_type=\"container\" data-e-type=\"container\" data-settings=\"{&quot;background_background&quot;:&quot;classic&quot;,&quot;animation&quot;:&quot;fadeInRight&quot;,&quot;jet_parallax_layout_list&quot;:[]}\">\n\t\t\t\t<\/div>\n\t\t\t\t\t<\/div>\n\t\t\t\t<\/div>\n\t\t\t\t<\/div>\n\t\t","protected":false},"excerpt":{"rendered":"<p>Campa\u00f1as de vacunaci\u00f3n VACUNA ANTIGRIPAL PARATEMPORADA 2024 La vacuna tetravalente es la herramienta de prevenci\u00f3n m\u00e1s importante para protegerse de la enfermedad y limitar la circulaci\u00f3n viral. Ayuda a reducir las complicaciones causadas por el coronavirus. La protecci\u00f3n de la vacuna se obtiene entre la 2da y 3er semana aproximadamente despu\u00e9s de la aplicaci\u00f3n. Las [&hellip;]<\/p>\n","protected":false},"author":1,"featured_media":0,"parent":0,"menu_order":0,"comment_status":"closed","ping_status":"closed","template":"","meta":{"site-sidebar-layout":"no-sidebar","site-content-layout":"page-builder","ast-site-content-layout":"full-width-container","site-content-style":"default","site-sidebar-style":"default","ast-global-header-display":"","ast-banner-title-visibility":"","ast-main-header-display":"","ast-hfb-above-header-display":"","ast-hfb-below-header-display":"","ast-hfb-mobile-header-display":"","site-post-title":"disabled","ast-breadcrumbs-content":"","ast-featured-img":"disabled","footer-sml-layout":"","ast-disable-related-posts":"","theme-transparent-header-meta":"","adv-header-id-meta":"","stick-header-meta":"","header-above-stick-meta":"","header-main-stick-meta":"","header-below-stick-meta":"","astra-migrate-meta-layouts":"set","ast-page-background-enabled":"default","ast-page-background-meta":{"desktop":{"background-color":"var(--ast-global-color-4)","background-image":"","background-repeat":"repeat","background-position":"center center","background-size":"auto","background-attachment":"scroll","background-type":"","background-media":"","overlay-type":"","overlay-color":"","overlay-opacity":"","overlay-gradient":""},"tablet":{"background-color":"","background-image":"","background-repeat":"repeat","background-position":"center center","background-size":"auto","background-attachment":"scroll","background-type":"","background-media":"","overlay-type":"","overlay-color":"","overlay-opacity":"","overlay-gradient":""},"mobile":{"background-color":"","background-image":"","background-repeat":"repeat","background-position":"center center","background-size":"auto","background-attachment":"scroll","background-type":"","background-media":"","overlay-type":"","overlay-color":"","overlay-opacity":"","overlay-gradient":""}},"ast-content-background-meta":{"desktop":{"background-color":"var(--ast-global-color-5)","background-image":"","background-repeat":"repeat","background-position":"center center","background-size":"auto","background-attachment":"scroll","background-type":"","background-media":"","overlay-type":"","overlay-color":"","overlay-opacity":"","overlay-gradient":""},"tablet":{"background-color":"var(--ast-global-color-5)","background-image":"","background-repeat":"repeat","background-position":"center center","background-size":"auto","background-attachment":"scroll","background-type":"","background-media":"","overlay-type":"","overlay-color":"","overlay-opacity":"","overlay-gradient":""},"mobile":{"background-color":"var(--ast-global-color-5)","background-image":"","background-repeat":"repeat","background-position":"center center","background-size":"auto","background-attachment":"scroll","background-type":"","background-media":"","overlay-type":"","overlay-color":"","overlay-opacity":"","overlay-gradient":""}},"_joinchat":[],"footnotes":""},"class_list":["post-2362","page","type-page","status-publish","hentry"],"aioseo_notices":[],"_links":{"self":[{"href":"https:\/\/medicalservice.com.ar\/laboral\/wp-json\/wp\/v2\/pages\/2362","targetHints":{"allow":["GET"]}}],"collection":[{"href":"https:\/\/medicalservice.com.ar\/laboral\/wp-json\/wp\/v2\/pages"}],"about":[{"href":"https:\/\/medicalservice.com.ar\/laboral\/wp-json\/wp\/v2\/types\/page"}],"author":[{"embeddable":true,"href":"https:\/\/medicalservice.com.ar\/laboral\/wp-json\/wp\/v2\/users\/1"}],"replies":[{"embeddable":true,"href":"https:\/\/medicalservice.com.ar\/laboral\/wp-json\/wp\/v2\/comments?post=2362"}],"version-history":[{"count":10,"href":"https:\/\/medicalservice.com.ar\/laboral\/wp-json\/wp\/v2\/pages\/2362\/revisions"}],"predecessor-version":[{"id":2390,"href":"https:\/\/medicalservice.com.ar\/laboral\/wp-json\/wp\/v2\/pages\/2362\/revisions\/2390"}],"wp:attachment":[{"href":"https:\/\/medicalservice.com.ar\/laboral\/wp-json\/wp\/v2\/media?parent=2362"}],"curies":[{"name":"wp","href":"https:\/\/api.w.org\/{rel}","templated":true}]}}