{"id":2335,"date":"2024-04-10T16:21:50","date_gmt":"2024-04-10T19:21:50","guid":{"rendered":"https:\/\/medicalservice.com.ar\/laboral\/?page_id=2335"},"modified":"2024-04-10T17:25:49","modified_gmt":"2024-04-10T20:25:49","slug":"medico-in-company","status":"publish","type":"page","link":"https:\/\/medicalservice.com.ar\/laboral\/medico-in-company\/","title":{"rendered":"M\u00e9dico in Company"},"content":{"rendered":"\t\t<div data-elementor-type=\"wp-page\" data-elementor-id=\"2335\" class=\"elementor elementor-2335\" data-elementor-post-type=\"page\">\n\t\t\t\t<div class=\"elementor-element elementor-element-49ae4a8 e-flex e-con-boxed e-con e-parent\" data-id=\"49ae4a8\" data-element_type=\"container\" data-e-type=\"container\" data-settings=\"{&quot;background_background&quot;:&quot;classic&quot;,&quot;jet_parallax_layout_list&quot;:[]}\">\n\t\t\t\t\t<div class=\"e-con-inner\">\n\t\t<div class=\"elementor-element elementor-element-2455dd7 e-con-full e-flex e-con e-child\" data-id=\"2455dd7\" data-element_type=\"container\" data-e-type=\"container\" data-settings=\"{&quot;jet_parallax_layout_list&quot;:[]}\">\n\t\t\t\t<div class=\"elementor-element elementor-element-223a429 elementor-invisible elementor-widget elementor-widget-heading\" data-id=\"223a429\" data-element_type=\"widget\" data-e-type=\"widget\" data-settings=\"{&quot;_animation&quot;:&quot;fadeIn&quot;}\" data-widget_type=\"heading.default\">\n\t\t\t\t<div class=\"elementor-widget-container\">\n\t\t\t\t\t<h2 class=\"elementor-heading-title elementor-size-default\">Servicios in Company<\/h2>\t\t\t\t<\/div>\n\t\t\t\t<\/div>\n\t\t\t\t<\/div>\n\t\t\t\t\t<\/div>\n\t\t\t\t<\/div>\n\t\t<div class=\"elementor-element elementor-element-306b1ee e-flex e-con-boxed e-con e-parent\" data-id=\"306b1ee\" data-element_type=\"container\" data-e-type=\"container\" data-settings=\"{&quot;jet_parallax_layout_list&quot;:[]}\">\n\t\t\t\t\t<div class=\"e-con-inner\">\n\t\t<div class=\"elementor-element elementor-element-ab113bf e-con-full e-flex e-con e-child\" data-id=\"ab113bf\" data-element_type=\"container\" data-e-type=\"container\" data-settings=\"{&quot;jet_parallax_layout_list&quot;:[]}\">\n\t\t\t\t<div class=\"elementor-element elementor-element-f9375ec elementor-invisible elementor-widget elementor-widget-heading\" data-id=\"f9375ec\" data-element_type=\"widget\" data-e-type=\"widget\" data-settings=\"{&quot;_animation&quot;:&quot;fadeIn&quot;}\" data-widget_type=\"heading.default\">\n\t\t\t\t<div class=\"elementor-widget-container\">\n\t\t\t\t\t<h2 class=\"elementor-heading-title elementor-size-default\">Profesionales especialistas en medicina laboral<\/h2>\t\t\t\t<\/div>\n\t\t\t\t<\/div>\n\t\t\t\t<div class=\"elementor-element elementor-element-8242a9a elementor-invisible elementor-widget elementor-widget-heading\" data-id=\"8242a9a\" data-element_type=\"widget\" data-e-type=\"widget\" data-settings=\"{&quot;_animation&quot;:&quot;fadeIn&quot;}\" data-widget_type=\"heading.default\">\n\t\t\t\t<div class=\"elementor-widget-container\">\n\t\t\t\t\t<h1 class=\"elementor-heading-title elementor-size-default\">Cuidando tu capital humano<\/h1>\t\t\t\t<\/div>\n\t\t\t\t<\/div>\n\t\t\t\t<div class=\"elementor-element elementor-element-a41333b elementor-widget elementor-widget-text-editor\" data-id=\"a41333b\" data-element_type=\"widget\" data-e-type=\"widget\" data-widget_type=\"text-editor.default\">\n\t\t\t\t<div class=\"elementor-widget-container\">\n\t\t\t\t\t\t\t\t\t<p>Creemos que la salud de tus empleados es clave para el \u00e9xito de tu negocio. Por eso, te ofrecemos \u00abM\u00e9dico In Company\u00bb, un servicio integral de medicina laboral que te permite cuidar la salud de tu equipo de forma personalizada y eficiente.<\/p><p>Contamos con un equipo de profesionales altamente especializados en medicina laboral que te brindar\u00e1 atenci\u00f3n m\u00e9dica primaria, prevenci\u00f3n de riesgos laborales y promoci\u00f3n de h\u00e1bitos saludables.<\/p>\t\t\t\t\t\t\t\t<\/div>\n\t\t\t\t<\/div>\n\t\t\t\t<div class=\"elementor-element elementor-element-148cb46 elementor-align-left elementor-widget__width-inherit elementor-widget elementor-widget-button\" data-id=\"148cb46\" data-element_type=\"widget\" data-e-type=\"widget\" data-widget_type=\"button.default\">\n\t\t\t\t<div class=\"elementor-widget-container\">\n\t\t\t\t\t\t\t\t\t<div class=\"elementor-button-wrapper\">\n\t\t\t\t\t<a class=\"elementor-button elementor-button-link elementor-size-sm\" href=\"https:\/\/calendly.com\/medicalservice\/reunion-privada\" target=\"_blank\">\n\t\t\t\t\t\t<span class=\"elementor-button-content-wrapper\">\n\t\t\t\t\t\t<span class=\"elementor-button-icon\">\n\t\t\t\t<svg aria-hidden=\"true\" class=\"e-font-icon-svg e-fas-chevron-right\" viewBox=\"0 0 320 512\" xmlns=\"http:\/\/www.w3.org\/2000\/svg\"><path d=\"M285.476 272.971L91.132 467.314c-9.373 9.373-24.569 9.373-33.941 0l-22.667-22.667c-9.357-9.357-9.375-24.522-.04-33.901L188.505 256 34.484 101.255c-9.335-9.379-9.317-24.544.04-33.901l22.667-22.667c9.373-9.373 24.569-9.373 33.941 0L285.475 239.03c9.373 9.372 9.373 24.568.001 33.941z\"><\/path><\/svg>\t\t\t<\/span>\n\t\t\t\t\t\t\t\t\t<span class=\"elementor-button-text\">Solicitar un Asesor<\/span>\n\t\t\t\t\t<\/span>\n\t\t\t\t\t<\/a>\n\t\t\t\t<\/div>\n\t\t\t\t\t\t\t\t<\/div>\n\t\t\t\t<\/div>\n\t\t\t\t<\/div>\n\t\t<div class=\"elementor-element elementor-element-143ea94 e-con-full e-flex e-con e-child\" data-id=\"143ea94\" data-element_type=\"container\" data-e-type=\"container\" data-settings=\"{&quot;background_background&quot;:&quot;classic&quot;,&quot;jet_parallax_layout_list&quot;:[]}\">\n\t\t\t\t<\/div>\n\t\t\t\t\t<\/div>\n\t\t\t\t<\/div>\n\t\t<div class=\"elementor-element elementor-element-c3a1490 e-flex e-con-boxed e-con e-parent\" data-id=\"c3a1490\" data-element_type=\"container\" data-e-type=\"container\" data-settings=\"{&quot;jet_parallax_layout_list&quot;:[]}\">\n\t\t\t\t\t<div class=\"e-con-inner\">\n\t\t\t\t<div class=\"elementor-element elementor-element-edb1992 elementor-tabs-view-horizontal elementor-widget elementor-widget-tabs\" data-id=\"edb1992\" data-element_type=\"widget\" data-e-type=\"widget\" data-widget_type=\"tabs.default\">\n\t\t\t\t<div class=\"elementor-widget-container\">\n\t\t\t\t\t\t\t<div class=\"elementor-tabs\">\n\t\t\t<div class=\"elementor-tabs-wrapper\" role=\"tablist\" >\n\t\t\t\t\t\t\t\t\t<div id=\"elementor-tab-title-2491\" class=\"elementor-tab-title elementor-tab-desktop-title\" aria-selected=\"true\" data-tab=\"1\" role=\"tab\" tabindex=\"0\" aria-controls=\"elementor-tab-content-2491\" aria-expanded=\"false\">Servicio de M\u00e9dico y\/o Enfermero en Planta<\/div>\n\t\t\t\t\t\t\t\t\t<div id=\"elementor-tab-title-2492\" class=\"elementor-tab-title elementor-tab-desktop-title\" aria-selected=\"false\" data-tab=\"2\" role=\"tab\" tabindex=\"-1\" aria-controls=\"elementor-tab-content-2492\" aria-expanded=\"false\">Chequeos m\u00e9dicos en Planta<\/div>\n\t\t\t\t\t\t\t\t\t<div id=\"elementor-tab-title-2493\" class=\"elementor-tab-title elementor-tab-desktop-title\" aria-selected=\"false\" data-tab=\"3\" role=\"tab\" tabindex=\"-1\" aria-controls=\"elementor-tab-content-2493\" aria-expanded=\"false\">Cursos y capacitaciones<\/div>\n\t\t\t\t\t\t\t<\/div>\n\t\t\t<div class=\"elementor-tabs-content-wrapper\" role=\"tablist\" aria-orientation=\"vertical\">\n\t\t\t\t\t\t\t\t\t<div class=\"elementor-tab-title elementor-tab-mobile-title\" aria-selected=\"true\" data-tab=\"1\" role=\"tab\" tabindex=\"0\" aria-controls=\"elementor-tab-content-2491\" aria-expanded=\"false\">Servicio de M\u00e9dico y\/o Enfermero en Planta<\/div>\n\t\t\t\t\t<div id=\"elementor-tab-content-2491\" class=\"elementor-tab-content elementor-clearfix\" data-tab=\"1\" role=\"tabpanel\" aria-labelledby=\"elementor-tab-title-2491\" tabindex=\"0\" hidden=\"false\"><p>Contamos con profesionales especialistas en medicina laboral, adem\u00e1s de un cuerpo de enfermeros experimentados y capacitados en el \u00e1rea, que nos permite brindarles a nuestros clientes el mejor servicio. El principal objetivo es la promoci\u00f3n y mantenimiento del m\u00e1s alto nivel de salud de los trabajadores, organizando, desarrollando y propugnando acciones preventivas, como as\u00ed tambi\u00e9n la asistencia m\u00e9dica directa del trabajador, acorde a las Leyes Nacionales vigentes y en beneficio del cuidado del Personal de la Empresa.<br \/>Las principales funciones del M\u00e9dico en Planta ser\u00e1n:<\/p><ul><li>Llevar a cabo un seguimiento mensual del plan de Salud Ocupacional<\/li><li>Asistencia a los empleados en caso de enfermedad y\/o accidente, realizando un seguimiento de la evoluci\u00f3n del caso, y gestionando ante la cobertura m\u00e9dica<\/li><li>Gesti\u00f3n de campa\u00f1as de Prevenci\u00f3n y Capacitaciones<\/li><li>Evaluaci\u00f3n de ex\u00e1menes de ingreso, peri\u00f3dicos y egreso<\/li><li>Seguimiento de casos de ausentismo por enfermedad inculpable<\/li><li>Seguimiento de casos de ausentismo por accidente o enfermedad profesional<\/li><li>Estad\u00edsticas mensuales y anuales de ausentismo laboral, con el objetivo de dise\u00f1ar medidas correctivas<\/li><li>Colaboraci\u00f3n en la implementaci\u00f3n de todos los programas o acciones a desarrollar en el \u00e1rea de Salud y\/o RRHH<\/li><li>Confecci\u00f3n de informes para Auditorias medicas<\/li><li>Asesoramiento m\u00e9dico-legal<\/li><li>Control de stock de insumos m\u00e9dicos<\/li><\/ul><h3>\u00a0<\/h3><\/div>\n\t\t\t\t\t\t\t\t\t<div class=\"elementor-tab-title elementor-tab-mobile-title\" aria-selected=\"false\" data-tab=\"2\" role=\"tab\" tabindex=\"-1\" aria-controls=\"elementor-tab-content-2492\" aria-expanded=\"false\">Chequeos m\u00e9dicos en Planta<\/div>\n\t\t\t\t\t<div id=\"elementor-tab-content-2492\" class=\"elementor-tab-content elementor-clearfix\" data-tab=\"2\" role=\"tabpanel\" aria-labelledby=\"elementor-tab-title-2492\" tabindex=\"0\" hidden=\"hidden\"><div class=\"wpb_text_column wpb_content_element \"><div class=\"wpb_wrapper\"><p>Los chequeos m\u00e9dicos y capacitaciones in Company son dos de las herramientas m\u00e1s utilizadas hoy en d\u00eda como inversi\u00f3n en capital humano, constituyendo un elemento diferenciador para las empresas, permiti\u00e9ndoles competir en mejores condiciones. Los empleados que se sienten mejor f\u00edsica y mentalmente, se sienten valorados y cuidados por la empresa, lo que los predispone mejor para su tarea.<br \/>El operativo es llevado a cabo por nuestro personal especializado de m\u00e9dicos y enfermeros, en la sede de la empresa, brindando luego la devoluci\u00f3n personalizada de los resultados y recomendaciones m\u00e9dicas a cada empleado.<\/p><h3>\u00a0<\/h3><\/div><\/div><\/div>\n\t\t\t\t\t\t\t\t\t<div class=\"elementor-tab-title elementor-tab-mobile-title\" aria-selected=\"false\" data-tab=\"3\" role=\"tab\" tabindex=\"-1\" aria-controls=\"elementor-tab-content-2493\" aria-expanded=\"false\">Cursos y capacitaciones<\/div>\n\t\t\t\t\t<div id=\"elementor-tab-content-2493\" class=\"elementor-tab-content elementor-clearfix\" data-tab=\"3\" role=\"tabpanel\" aria-labelledby=\"elementor-tab-title-2493\" tabindex=\"0\" hidden=\"hidden\"><div class=\"wpb_text_column wpb_content_element \"><div class=\"wpb_wrapper\"><div class=\"wpb_column vc_column_container vc_col-sm-6\"><div class=\"wpb_wrapper\"><div class=\"box box-8186254565956512dd82fa \"><div class=\"box-body\"><div class=\"box-body\"><p>Brindamos el servicio in Company as\u00ed como en nuestras instalaciones de CABA.<br \/>Los chequeos m\u00e9dicos y capacitaciones in Company son dos de las herramientas m\u00e1s utilizadas hoy en d\u00eda como inversi\u00f3n en capital humano, constituyendo un elemento diferenciador para las empresas, permiti\u00e9ndoles competir en mejores condiciones. Los empleados que se sienten mejor f\u00edsica y mentalmente, se sienten valorados y cuidados por la empresa, lo que los predispone mejor para su tarea.<br \/>Los principales temas est\u00e1n relacionados al cuidado de la salud de los trabajadores, orientados no solo al cumplimiento de las disposiciones legales vigentes, sino tambi\u00e9n a generar h\u00e1bitos de vida y alimentaci\u00f3n saludable, tendientes a mejorar la calidad de vida del todo el personal de la organizaci\u00f3n.<\/p><p>Sin embargo recomendamos dise\u00f1ar los temarios en funci\u00f3n de la poblaci\u00f3n en cuesti\u00f3n y los temas de actualidad.<br \/>A modo de ejemplo podemos mencionar:<\/p><ul><li>Reanimaci\u00f3n Cardiopulmonar (RCP)<\/li><li>DEA- Desfibriladores<\/li><li>Manejo del Estr\u00e9s y patolog\u00edas asociadas<\/li><li>Enfermedades respiratorias<\/li><li>Prevenci\u00f3n de accidentes Laborales<\/li><li>H\u00e1bitos seguros y autocuidado<\/li><li>Capacitaci\u00f3n en Ergonom\u00eda. Posturas de trabajo y evaluaci\u00f3n del riesgo<\/li><li>Tabaquismo y enfermedad cardiovascular<\/li><li>Obesidad y Sedentarismo<\/li><li>Hipertensi\u00f3n arterial<\/li><\/ul><\/div><\/div><\/div><\/div><\/div><div class=\"wpb_column vc_column_container vc_col-sm-6\"><div class=\"wpb_wrapper\"><div class=\"box box-8186254565956512dd82fa \">\u00a0<\/div><\/div><\/div><\/div><\/div><\/div>\n\t\t\t\t\t\t\t<\/div>\n\t\t<\/div>\n\t\t\t\t\t\t<\/div>\n\t\t\t\t<\/div>\n\t\t\t\t\t<\/div>\n\t\t\t\t<\/div>\n\t\t<div class=\"elementor-element elementor-element-dcac964 e-flex e-con-boxed e-con e-parent\" data-id=\"dcac964\" data-element_type=\"container\" data-e-type=\"container\" data-settings=\"{&quot;jet_parallax_layout_list&quot;:[],&quot;background_background&quot;:&quot;classic&quot;}\">\n\t\t\t\t\t<div class=\"e-con-inner\">\n\t\t<div class=\"elementor-element elementor-element-be5c5ee e-con-full e-flex elementor-invisible e-con e-child\" data-id=\"be5c5ee\" data-element_type=\"container\" data-e-type=\"container\" data-settings=\"{&quot;animation&quot;:&quot;fadeIn&quot;,&quot;animation_delay&quot;:100,&quot;background_background&quot;:&quot;classic&quot;,&quot;jet_parallax_layout_list&quot;:[]}\">\n\t\t\t\t<\/div>\n\t\t<div class=\"elementor-element elementor-element-ca36515 e-con-full e-flex elementor-invisible e-con e-child\" data-id=\"ca36515\" data-element_type=\"container\" data-e-type=\"container\" data-settings=\"{&quot;background_background&quot;:&quot;classic&quot;,&quot;animation&quot;:&quot;fadeInRight&quot;,&quot;jet_parallax_layout_list&quot;:[]}\">\n\t\t\t\t<div class=\"elementor-element elementor-element-fc9f851 elementor-widget elementor-widget-heading\" data-id=\"fc9f851\" data-element_type=\"widget\" data-e-type=\"widget\" data-widget_type=\"heading.default\">\n\t\t\t\t<div class=\"elementor-widget-container\">\n\t\t\t\t\t<h2 class=\"elementor-heading-title elementor-size-default\">Deje la salud de su empresa en nuestras manos<\/h2>\t\t\t\t<\/div>\n\t\t\t\t<\/div>\n\t\t\t\t<div class=\"elementor-element elementor-element-82d36d6 elementor-widget elementor-widget-text-editor\" data-id=\"82d36d6\" data-element_type=\"widget\" data-e-type=\"widget\" data-widget_type=\"text-editor.default\">\n\t\t\t\t<div class=\"elementor-widget-container\">\n\t\t\t\t\t\t\t\t\t<p>Desde Medicalservice, buscamos brindar un servicio diferencial y de calidad, basado en la capacidad y<br \/>aptitud de nuestro cuerpo medico, como en la eficiencia y trabajo de todo el personal, al servicio de la salud.<\/p>\t\t\t\t\t\t\t\t<\/div>\n\t\t\t\t<\/div>\n\t\t<div class=\"elementor-element elementor-element-9a03b7c e-con-full e-flex e-con e-child\" data-id=\"9a03b7c\" data-element_type=\"container\" data-e-type=\"container\" data-settings=\"{&quot;jet_parallax_layout_list&quot;:[]}\">\n\t\t\t\t<div class=\"elementor-element elementor-element-b91c994 elementor-align-left elementor-widget__width-auto elementor-widget elementor-widget-button\" data-id=\"b91c994\" data-element_type=\"widget\" data-e-type=\"widget\" data-widget_type=\"button.default\">\n\t\t\t\t<div class=\"elementor-widget-container\">\n\t\t\t\t\t\t\t\t\t<div class=\"elementor-button-wrapper\">\n\t\t\t\t\t<a class=\"elementor-button elementor-button-link elementor-size-md\" href=\"https:\/\/medicalservice.com.ar\/laboral\/contacto\/\" target=\"_blank\">\n\t\t\t\t\t\t<span class=\"elementor-button-content-wrapper\">\n\t\t\t\t\t\t<span class=\"elementor-button-icon\">\n\t\t\t\t<svg aria-hidden=\"true\" class=\"e-font-icon-svg e-far-comments\" viewBox=\"0 0 576 512\" xmlns=\"http:\/\/www.w3.org\/2000\/svg\"><path d=\"M532 386.2c27.5-27.1 44-61.1 44-98.2 0-80-76.5-146.1-176.2-157.9C368.3 72.5 294.3 32 208 32 93.1 32 0 103.6 0 192c0 37 16.5 71 44 98.2-15.3 30.7-37.3 54.5-37.7 54.9-6.3 6.7-8.1 16.5-4.4 25 3.6 8.5 12 14 21.2 14 53.5 0 96.7-20.2 125.2-38.8 9.2 2.1 18.7 3.7 28.4 4.9C208.1 407.6 281.8 448 368 448c20.8 0 40.8-2.4 59.8-6.8C456.3 459.7 499.4 480 553 480c9.2 0 17.5-5.5 21.2-14 3.6-8.5 1.9-18.3-4.4-25-.4-.3-22.5-24.1-37.8-54.8zm-392.8-92.3L122.1 305c-14.1 9.1-28.5 16.3-43.1 21.4 2.7-4.7 5.4-9.7 8-14.8l15.5-31.1L77.7 256C64.2 242.6 48 220.7 48 192c0-60.7 73.3-112 160-112s160 51.3 160 112-73.3 112-160 112c-16.5 0-33-1.9-49-5.6l-19.8-4.5zM498.3 352l-24.7 24.4 15.5 31.1c2.6 5.1 5.3 10.1 8 14.8-14.6-5.1-29-12.3-43.1-21.4l-17.1-11.1-19.9 4.6c-16 3.7-32.5 5.6-49 5.6-54 0-102.2-20.1-131.3-49.7C338 339.5 416 272.9 416 192c0-3.4-.4-6.7-.7-10C479.7 196.5 528 238.8 528 288c0 28.7-16.2 50.6-29.7 64z\"><\/path><\/svg>\t\t\t<\/span>\n\t\t\t\t\t\t\t\t\t<span class=\"elementor-button-text\">Cont\u00e1ctenos<\/span>\n\t\t\t\t\t<\/span>\n\t\t\t\t\t<\/a>\n\t\t\t\t<\/div>\n\t\t\t\t\t\t\t\t<\/div>\n\t\t\t\t<\/div>\n\t\t\t\t<\/div>\n\t\t\t\t<\/div>\n\t\t\t\t\t<\/div>\n\t\t\t\t<\/div>\n\t\t\t\t<\/div>\n\t\t","protected":false},"excerpt":{"rendered":"<p>Servicios in Company Profesionales especialistas en medicina laboral Cuidando tu capital humano Creemos que la salud de tus empleados es clave para el \u00e9xito de tu negocio. Por eso, te ofrecemos \u00abM\u00e9dico In Company\u00bb, un servicio integral de medicina laboral que te permite cuidar la salud de tu equipo de forma personalizada y eficiente. Contamos [&hellip;]<\/p>\n","protected":false},"author":1,"featured_media":0,"parent":0,"menu_order":0,"comment_status":"closed","ping_status":"closed","template":"","meta":{"site-sidebar-layout":"no-sidebar","site-content-layout":"page-builder","ast-site-content-layout":"full-width-container","site-content-style":"default","site-sidebar-style":"default","ast-global-header-display":"","ast-banner-title-visibility":"","ast-main-header-display":"","ast-hfb-above-header-display":"","ast-hfb-below-header-display":"","ast-hfb-mobile-header-display":"","site-post-title":"disabled","ast-breadcrumbs-content":"","ast-featured-img":"disabled","footer-sml-layout":"","ast-disable-related-posts":"","theme-transparent-header-meta":"","adv-header-id-meta":"","stick-header-meta":"","header-above-stick-meta":"","header-main-stick-meta":"","header-below-stick-meta":"","astra-migrate-meta-layouts":"set","ast-page-background-enabled":"default","ast-page-background-meta":{"desktop":{"background-color":"var(--ast-global-color-4)","background-image":"","background-repeat":"repeat","background-position":"center center","background-size":"auto","background-attachment":"scroll","background-type":"","background-media":"","overlay-type":"","overlay-color":"","overlay-opacity":"","overlay-gradient":""},"tablet":{"background-color":"","background-image":"","background-repeat":"repeat","background-position":"center center","background-size":"auto","background-attachment":"scroll","background-type":"","background-media":"","overlay-type":"","overlay-color":"","overlay-opacity":"","overlay-gradient":""},"mobile":{"background-color":"","background-image":"","background-repeat":"repeat","background-position":"center center","background-size":"auto","background-attachment":"scroll","background-type":"","background-media":"","overlay-type":"","overlay-color":"","overlay-opacity":"","overlay-gradient":""}},"ast-content-background-meta":{"desktop":{"background-color":"var(--ast-global-color-5)","background-image":"","background-repeat":"repeat","background-position":"center center","background-size":"auto","background-attachment":"scroll","background-type":"","background-media":"","overlay-type":"","overlay-color":"","overlay-opacity":"","overlay-gradient":""},"tablet":{"background-color":"var(--ast-global-color-5)","background-image":"","background-repeat":"repeat","background-position":"center center","background-size":"auto","background-attachment":"scroll","background-type":"","background-media":"","overlay-type":"","overlay-color":"","overlay-opacity":"","overlay-gradient":""},"mobile":{"background-color":"var(--ast-global-color-5)","background-image":"","background-repeat":"repeat","background-position":"center center","background-size":"auto","background-attachment":"scroll","background-type":"","background-media":"","overlay-type":"","overlay-color":"","overlay-opacity":"","overlay-gradient":""}},"_joinchat":[],"footnotes":""},"class_list":["post-2335","page","type-page","status-publish","hentry"],"aioseo_notices":[],"_links":{"self":[{"href":"https:\/\/medicalservice.com.ar\/laboral\/wp-json\/wp\/v2\/pages\/2335","targetHints":{"allow":["GET"]}}],"collection":[{"href":"https:\/\/medicalservice.com.ar\/laboral\/wp-json\/wp\/v2\/pages"}],"about":[{"href":"https:\/\/medicalservice.com.ar\/laboral\/wp-json\/wp\/v2\/types\/page"}],"author":[{"embeddable":true,"href":"https:\/\/medicalservice.com.ar\/laboral\/wp-json\/wp\/v2\/users\/1"}],"replies":[{"embeddable":true,"href":"https:\/\/medicalservice.com.ar\/laboral\/wp-json\/wp\/v2\/comments?post=2335"}],"version-history":[{"count":10,"href":"https:\/\/medicalservice.com.ar\/laboral\/wp-json\/wp\/v2\/pages\/2335\/revisions"}],"predecessor-version":[{"id":2349,"href":"https:\/\/medicalservice.com.ar\/laboral\/wp-json\/wp\/v2\/pages\/2335\/revisions\/2349"}],"wp:attachment":[{"href":"https:\/\/medicalservice.com.ar\/laboral\/wp-json\/wp\/v2\/media?parent=2335"}],"curies":[{"name":"wp","href":"https:\/\/api.w.org\/{rel}","templated":true}]}}