{"id":1702,"date":"2023-03-21T18:27:24","date_gmt":"2023-03-21T21:27:24","guid":{"rendered":"https:\/\/medicalservice.com.ar\/laboral\/?page_id=1702"},"modified":"2024-04-10T17:50:51","modified_gmt":"2024-04-10T20:50:51","slug":"apto-fisico-deportivo","status":"publish","type":"page","link":"https:\/\/medicalservice.com.ar\/laboral\/apto-fisico-deportivo\/","title":{"rendered":"Apto F\u00edsico Deportivo"},"content":{"rendered":"\t\t<div data-elementor-type=\"wp-page\" data-elementor-id=\"1702\" class=\"elementor elementor-1702\" data-elementor-post-type=\"page\">\n\t\t\t\t<div class=\"elementor-element elementor-element-6c52dd6 e-flex e-con-boxed e-con e-parent\" data-id=\"6c52dd6\" data-element_type=\"container\" data-e-type=\"container\" data-settings=\"{&quot;background_background&quot;:&quot;classic&quot;,&quot;jet_parallax_layout_list&quot;:[]}\">\n\t\t\t\t\t<div class=\"e-con-inner\">\n\t\t<div class=\"elementor-element elementor-element-4eb90bc e-con-full e-flex e-con e-child\" data-id=\"4eb90bc\" data-element_type=\"container\" data-e-type=\"container\" data-settings=\"{&quot;jet_parallax_layout_list&quot;:[]}\">\n\t\t\t\t<div class=\"elementor-element elementor-element-56586ae elementor-invisible elementor-widget elementor-widget-heading\" data-id=\"56586ae\" data-element_type=\"widget\" data-e-type=\"widget\" data-settings=\"{&quot;_animation&quot;:&quot;fadeIn&quot;}\" data-widget_type=\"heading.default\">\n\t\t\t\t<div class=\"elementor-widget-container\">\n\t\t\t\t\t<h2 class=\"elementor-heading-title elementor-size-default\">Entrena sin riegos,<br>\nrealiza tu apto f\u00edsico<\/h2>\t\t\t\t<\/div>\n\t\t\t\t<\/div>\n\t\t\t\t<\/div>\n\t\t\t\t\t<\/div>\n\t\t\t\t<\/div>\n\t\t<div class=\"elementor-element elementor-element-bf92dc3 e-flex e-con-boxed e-con e-parent\" data-id=\"bf92dc3\" data-element_type=\"container\" data-e-type=\"container\" data-settings=\"{&quot;jet_parallax_layout_list&quot;:[]}\">\n\t\t\t\t\t<div class=\"e-con-inner\">\n\t\t<div class=\"elementor-element elementor-element-4cdb3a0 e-con-full e-flex e-con e-child\" data-id=\"4cdb3a0\" data-element_type=\"container\" data-e-type=\"container\" data-settings=\"{&quot;background_background&quot;:&quot;classic&quot;,&quot;jet_parallax_layout_list&quot;:[]}\">\n\t\t\t\t<\/div>\n\t\t<div class=\"elementor-element elementor-element-c1fefc6 e-con-full e-flex e-con e-child\" data-id=\"c1fefc6\" data-element_type=\"container\" data-e-type=\"container\" data-settings=\"{&quot;jet_parallax_layout_list&quot;:[]}\">\n\t\t\t\t<div class=\"elementor-element elementor-element-f16740f elementor-invisible elementor-widget elementor-widget-heading\" data-id=\"f16740f\" data-element_type=\"widget\" data-e-type=\"widget\" data-settings=\"{&quot;_animation&quot;:&quot;fadeIn&quot;}\" data-widget_type=\"heading.default\">\n\t\t\t\t<div class=\"elementor-widget-container\">\n\t\t\t\t\t<h2 class=\"elementor-heading-title elementor-size-default\">Conoc\u00e9 tu condici\u00f3n f\u00edsica\n<\/h2>\t\t\t\t<\/div>\n\t\t\t\t<\/div>\n\t\t\t\t<div class=\"elementor-element elementor-element-0a67547 elementor-invisible elementor-widget elementor-widget-heading\" data-id=\"0a67547\" data-element_type=\"widget\" data-e-type=\"widget\" data-settings=\"{&quot;_animation&quot;:&quot;fadeIn&quot;}\" data-widget_type=\"heading.default\">\n\t\t\t\t<div class=\"elementor-widget-container\">\n\t\t\t\t\t<h1 class=\"elementor-heading-title elementor-size-default\">Apto F\u00edsico Deportivo\n<\/h1>\t\t\t\t<\/div>\n\t\t\t\t<\/div>\n\t\t\t\t<div class=\"elementor-element elementor-element-914ff0d elementor-widget elementor-widget-text-editor\" data-id=\"914ff0d\" data-element_type=\"widget\" data-e-type=\"widget\" data-widget_type=\"text-editor.default\">\n\t\t\t\t<div class=\"elementor-widget-container\">\n\t\t\t\t\t\t\t\t\t<p>Toda persona que inicie un programa de actividad f\u00edsica, que desconozca su estado real de salud, que tenga antecedentes personales o familiares de enfermedad card\u00edaca, que tenga alg\u00fan factor de riesgo conocido y todos aquellos deportistas que deseen conocer su grado de condici\u00f3n f\u00edsica, deben realizarse un chequeo m\u00e9dico.<\/p><p>Seg\u00fan la ley 5397*, ser\u00e1 obligatorio en la Ciudad Aut\u00f3noma de Buenos Aires, la presentaci\u00f3n de certificado m\u00e9dico, tanto para pr\u00e1cticas deportivas en gimnasios como para carreras de calle de m\u00e1s de 5 km.<\/p>\t\t\t\t\t\t\t\t<\/div>\n\t\t\t\t<\/div>\n\t\t\t\t<div class=\"elementor-element elementor-element-979cba1 elementor-align-left elementor-widget__width-inherit elementor-widget elementor-widget-button\" data-id=\"979cba1\" data-element_type=\"widget\" data-e-type=\"widget\" data-widget_type=\"button.default\">\n\t\t\t\t<div class=\"elementor-widget-container\">\n\t\t\t\t\t\t\t\t\t<div class=\"elementor-button-wrapper\">\n\t\t\t\t\t<a class=\"elementor-button elementor-button-link elementor-size-sm\" href=\"https:\/\/www.docturno.com\/gm\/medical-service-argentina-srl\" target=\"_blank\">\n\t\t\t\t\t\t<span class=\"elementor-button-content-wrapper\">\n\t\t\t\t\t\t<span class=\"elementor-button-icon\">\n\t\t\t\t<svg aria-hidden=\"true\" class=\"e-font-icon-svg e-fas-chevron-right\" viewBox=\"0 0 320 512\" xmlns=\"http:\/\/www.w3.org\/2000\/svg\"><path d=\"M285.476 272.971L91.132 467.314c-9.373 9.373-24.569 9.373-33.941 0l-22.667-22.667c-9.357-9.357-9.375-24.522-.04-33.901L188.505 256 34.484 101.255c-9.335-9.379-9.317-24.544.04-33.901l22.667-22.667c9.373-9.373 24.569-9.373 33.941 0L285.475 239.03c9.373 9.372 9.373 24.568.001 33.941z\"><\/path><\/svg>\t\t\t<\/span>\n\t\t\t\t\t\t\t\t\t<span class=\"elementor-button-text\">Solicitar un Asesor<\/span>\n\t\t\t\t\t<\/span>\n\t\t\t\t\t<\/a>\n\t\t\t\t<\/div>\n\t\t\t\t\t\t\t\t<\/div>\n\t\t\t\t<\/div>\n\t\t\t\t<\/div>\n\t\t\t\t\t<\/div>\n\t\t\t\t<\/div>\n\t\t<div class=\"elementor-element elementor-element-fd92f9c e-flex e-con-boxed e-con e-parent\" data-id=\"fd92f9c\" data-element_type=\"container\" data-e-type=\"container\" data-settings=\"{&quot;jet_parallax_layout_list&quot;:[]}\">\n\t\t\t\t\t<div class=\"e-con-inner\">\n\t\t<div class=\"elementor-element elementor-element-c3d2cd2 e-con-full e-flex elementor-invisible e-con e-child\" data-id=\"c3d2cd2\" data-element_type=\"container\" data-e-type=\"container\" data-settings=\"{&quot;animation&quot;:&quot;fadeIn&quot;,&quot;animation_delay&quot;:200,&quot;jet_parallax_layout_list&quot;:[]}\">\n\t\t\t\t<div class=\"elementor-element elementor-element-09dcb66 elementor-invisible elementor-widget elementor-widget-heading\" data-id=\"09dcb66\" data-element_type=\"widget\" data-e-type=\"widget\" data-settings=\"{&quot;_animation&quot;:&quot;fadeIn&quot;}\" data-widget_type=\"heading.default\">\n\t\t\t\t<div class=\"elementor-widget-container\">\n\t\t\t\t\t<h4 class=\"elementor-heading-title elementor-size-default\">Estudios sugeridos<\/h4>\t\t\t\t<\/div>\n\t\t\t\t<\/div>\n\t\t<div class=\"elementor-element elementor-element-ce02960 e-flex e-con-boxed e-con e-child\" data-id=\"ce02960\" data-element_type=\"container\" data-e-type=\"container\" data-settings=\"{&quot;jet_parallax_layout_list&quot;:[]}\">\n\t\t\t\t\t<div class=\"e-con-inner\">\n\t\t\t\t<div class=\"elementor-element elementor-element-772def0 elementor-widget elementor-widget-text-editor\" data-id=\"772def0\" data-element_type=\"widget\" data-e-type=\"widget\" data-widget_type=\"text-editor.default\">\n\t\t\t\t<div class=\"elementor-widget-container\">\n\t\t\t\t\t\t\t\t\t<ul><li>EXAMEN DE SANGRE<br \/><br \/><\/li><li>EXAMEN F\u00cdSICO CL\u00cdNICO<br \/><br \/><\/li><li>ESPIROMETR\u00cdA<br \/>Sirve para estudiar las v\u00edas respiratorias.<br \/><br \/><\/li><li>ELECTROCARDIOGRAMA EN REPOSO<br \/>Nos da el estado de la conducci\u00f3n el\u00e9ctrica y funcional del coraz\u00f3n en reposo.<br \/><br \/><\/li><li>PRUEBA DE ESFUERZO O ERGOMETR\u00cdA<br \/>Realizada en una cinta, registra la condici\u00f3n el\u00e9ctrica y funcional del coraz\u00f3n durante el esfuerzo.<br \/><br \/><\/li><li>ANTROPOMETR\u00cdA<br \/>Consiste en una serie de medidas que se toman para conocer la composici\u00f3n corporal (somatotipo) de las personas. Podemos saber \u00edndices de masa grasa, muscular y \u00f3sea.<\/li><\/ul>\t\t\t\t\t\t\t\t<\/div>\n\t\t\t\t<\/div>\n\t\t\t\t<div class=\"elementor-element elementor-element-a5c568d elementor-align-left elementor-widget__width-inherit elementor-widget elementor-widget-button\" data-id=\"a5c568d\" data-element_type=\"widget\" data-e-type=\"widget\" data-widget_type=\"button.default\">\n\t\t\t\t<div class=\"elementor-widget-container\">\n\t\t\t\t\t\t\t\t\t<div class=\"elementor-button-wrapper\">\n\t\t\t\t\t<a class=\"elementor-button elementor-button-link elementor-size-sm\" href=\"https:\/\/calendly.com\/medicalservice\/reunion-privada\" target=\"_blank\">\n\t\t\t\t\t\t<span class=\"elementor-button-content-wrapper\">\n\t\t\t\t\t\t<span class=\"elementor-button-icon\">\n\t\t\t\t<svg aria-hidden=\"true\" class=\"e-font-icon-svg e-fas-chevron-right\" viewBox=\"0 0 320 512\" xmlns=\"http:\/\/www.w3.org\/2000\/svg\"><path d=\"M285.476 272.971L91.132 467.314c-9.373 9.373-24.569 9.373-33.941 0l-22.667-22.667c-9.357-9.357-9.375-24.522-.04-33.901L188.505 256 34.484 101.255c-9.335-9.379-9.317-24.544.04-33.901l22.667-22.667c9.373-9.373 24.569-9.373 33.941 0L285.475 239.03c9.373 9.372 9.373 24.568.001 33.941z\"><\/path><\/svg>\t\t\t<\/span>\n\t\t\t\t\t\t\t\t\t<span class=\"elementor-button-text\">Solicitar un Asesor<\/span>\n\t\t\t\t\t<\/span>\n\t\t\t\t\t<\/a>\n\t\t\t\t<\/div>\n\t\t\t\t\t\t\t\t<\/div>\n\t\t\t\t<\/div>\n\t\t\t\t\t<\/div>\n\t\t\t\t<\/div>\n\t\t\t\t<\/div>\n\t\t<div class=\"elementor-element elementor-element-85f2c1a e-con-full e-flex elementor-invisible e-con e-child\" data-id=\"85f2c1a\" data-element_type=\"container\" data-e-type=\"container\" data-settings=\"{&quot;background_background&quot;:&quot;classic&quot;,&quot;animation&quot;:&quot;fadeInRight&quot;,&quot;jet_parallax_layout_list&quot;:[]}\">\n\t\t\t\t<\/div>\n\t\t\t\t\t<\/div>\n\t\t\t\t<\/div>\n\t\t<div class=\"elementor-element elementor-element-9bb6b12 e-flex e-con-boxed e-con e-parent\" data-id=\"9bb6b12\" data-element_type=\"container\" data-e-type=\"container\" data-settings=\"{&quot;jet_parallax_layout_list&quot;:[]}\">\n\t\t\t\t\t<div class=\"e-con-inner\">\n\t\t\t\t<div class=\"elementor-element elementor-element-3e23364 elementor-widget elementor-widget-image\" data-id=\"3e23364\" data-element_type=\"widget\" data-e-type=\"widget\" data-widget_type=\"image.default\">\n\t\t\t\t<div class=\"elementor-widget-container\">\n\t\t\t\t\t\t\t\t\t\t\t\t\t\t\t<img fetchpriority=\"high\" decoding=\"async\" width=\"1156\" height=\"300\" src=\"https:\/\/medicalservice.com.ar\/laboral\/wp-content\/uploads\/2023\/03\/descuentos-up-universidad.webp\" class=\"attachment-full size-full wp-image-1713\" alt=\"\" srcset=\"https:\/\/medicalservice.com.ar\/laboral\/wp-content\/uploads\/2023\/03\/descuentos-up-universidad.webp 1156w, https:\/\/medicalservice.com.ar\/laboral\/wp-content\/uploads\/2023\/03\/descuentos-up-universidad-600x156.webp 600w, https:\/\/medicalservice.com.ar\/laboral\/wp-content\/uploads\/2023\/03\/descuentos-up-universidad-300x78.webp 300w, https:\/\/medicalservice.com.ar\/laboral\/wp-content\/uploads\/2023\/03\/descuentos-up-universidad-1024x266.webp 1024w, https:\/\/medicalservice.com.ar\/laboral\/wp-content\/uploads\/2023\/03\/descuentos-up-universidad-768x199.webp 768w, https:\/\/medicalservice.com.ar\/laboral\/wp-content\/uploads\/2023\/03\/descuentos-up-universidad-200x52.webp 200w\" sizes=\"(max-width: 1156px) 100vw, 1156px\" \/>\t\t\t\t\t\t\t\t\t\t\t\t\t\t\t<\/div>\n\t\t\t\t<\/div>\n\t\t\t\t\t<\/div>\n\t\t\t\t<\/div>\n\t\t<div class=\"elementor-element elementor-element-331fa6d e-flex e-con-boxed e-con e-parent\" data-id=\"331fa6d\" data-element_type=\"container\" data-e-type=\"container\" data-settings=\"{&quot;jet_parallax_layout_list&quot;:[]}\">\n\t\t\t\t\t<div class=\"e-con-inner\">\n\t\t\t\t<div class=\"elementor-element elementor-element-9f46195 elementor-widget-divider--view-line elementor-widget elementor-widget-divider\" data-id=\"9f46195\" data-element_type=\"widget\" data-e-type=\"widget\" data-widget_type=\"divider.default\">\n\t\t\t\t<div class=\"elementor-widget-container\">\n\t\t\t\t\t\t\t<div class=\"elementor-divider\">\n\t\t\t<span class=\"elementor-divider-separator\">\n\t\t\t\t\t\t<\/span>\n\t\t<\/div>\n\t\t\t\t\t\t<\/div>\n\t\t\t\t<\/div>\n\t\t\t\t<div class=\"elementor-element elementor-element-6b90830 elementor-widget elementor-widget-heading\" data-id=\"6b90830\" data-element_type=\"widget\" data-e-type=\"widget\" data-widget_type=\"heading.default\">\n\t\t\t\t<div class=\"elementor-widget-container\">\n\t\t\t\t\t<h5 class=\"elementor-heading-title elementor-size-default\">Sobre la ley 5397<\/h5>\t\t\t\t<\/div>\n\t\t\t\t<\/div>\n\t\t\t\t<div class=\"elementor-element elementor-element-9af5e78 elementor-widget elementor-widget-text-editor\" data-id=\"9af5e78\" data-element_type=\"widget\" data-e-type=\"widget\" data-widget_type=\"text-editor.default\">\n\t\t\t\t<div class=\"elementor-widget-container\">\n\t\t\t\t\t\t\t\t\t<p><strong>Cap\u00edtulo I &#8211; Gimnasio<br \/>Art\u00edculo 3\u00ba<br \/><\/strong>Todas las personas que realicen actividades f\u00edsicas en el gimnasio, deben poseer un Certificado de Aptitud F\u00edsica que debe contener los resultados de Estudios Electrocardiogr\u00e1ficos expedido por Especialista actualizado anualmente.<\/p><p><strong>Cap\u00edtulo II &#8211; Carreras de calle<br \/>Art\u00edculo 12<br \/><\/strong>Ser\u00e1 de car\u00e1cter obligatorio la presentaci\u00f3n de un Certificado M\u00e9dico de Aptitud F\u00edsica (APTO M\u00c9DICO) para la pr\u00e1ctica de la misma. Dicho Certificado tendr\u00e1 una Validez M\u00e1xima de 1 (un) a\u00f1o, a partir de la fecha en la que fuere expedido.<\/p><p><strong>Art\u00edculo 13<br \/><\/strong>Los organizadores de los eventos mencionados en el art. 1\u00ba, deber\u00e1n exigir a los participantes la presentaci\u00f3n del Certificado M\u00e9dico de Aptitud F\u00edsica (APTO M\u00c9DICO) al momento de la inscripci\u00f3n y previo a la realizaci\u00f3n de cualquier actividad o pr\u00e1ctica deportiva. El d\u00eda de la inscripci\u00f3n el participante deber\u00e1 exhibir el Apto M\u00e9dico original y entregar al\/los organizadores una fotocopia del mismo.<\/p><p><strong>Art\u00edculo 14<br \/><\/strong>El Certificado M\u00e9dico de Aptitud F\u00edsica (APTO M\u00c9DICO) deber\u00e1 ser expedido por un profesional m\u00e9dico matriculado previa evaluaci\u00f3n de la persona. Recomendaciones de Chequeo M\u00e9dico.<\/p>\t\t\t\t\t\t\t\t<\/div>\n\t\t\t\t<\/div>\n\t\t\t\t\t<\/div>\n\t\t\t\t<\/div>\n\t\t\t\t<\/div>\n\t\t","protected":false},"excerpt":{"rendered":"<p>Entrena sin riegos, realiza tu apto f\u00edsico Conoc\u00e9 tu condici\u00f3n f\u00edsica Apto F\u00edsico Deportivo Toda persona que inicie un programa de actividad f\u00edsica, que desconozca su estado real de salud, que tenga antecedentes personales o familiares de enfermedad card\u00edaca, que tenga alg\u00fan factor de riesgo conocido y todos aquellos deportistas que deseen conocer su grado [&hellip;]<\/p>\n","protected":false},"author":1,"featured_media":0,"parent":0,"menu_order":0,"comment_status":"closed","ping_status":"closed","template":"","meta":{"site-sidebar-layout":"no-sidebar","site-content-layout":"page-builder","ast-site-content-layout":"full-width-container","site-content-style":"unboxed","site-sidebar-style":"default","ast-global-header-display":"","ast-banner-title-visibility":"","ast-main-header-display":"","ast-hfb-above-header-display":"","ast-hfb-below-header-display":"","ast-hfb-mobile-header-display":"","site-post-title":"disabled","ast-breadcrumbs-content":"","ast-featured-img":"disabled","footer-sml-layout":"","ast-disable-related-posts":"","theme-transparent-header-meta":"","adv-header-id-meta":"","stick-header-meta":"","header-above-stick-meta":"","header-main-stick-meta":"","header-below-stick-meta":"","astra-migrate-meta-layouts":"set","ast-page-background-enabled":"default","ast-page-background-meta":{"desktop":{"background-color":"var(--ast-global-color-4)","background-image":"","background-repeat":"repeat","background-position":"center center","background-size":"auto","background-attachment":"scroll","background-type":"","background-media":"","overlay-type":"","overlay-color":"","overlay-opacity":"","overlay-gradient":""},"tablet":{"background-color":"","background-image":"","background-repeat":"repeat","background-position":"center center","background-size":"auto","background-attachment":"scroll","background-type":"","background-media":"","overlay-type":"","overlay-color":"","overlay-opacity":"","overlay-gradient":""},"mobile":{"background-color":"","background-image":"","background-repeat":"repeat","background-position":"center center","background-size":"auto","background-attachment":"scroll","background-type":"","background-media":"","overlay-type":"","overlay-color":"","overlay-opacity":"","overlay-gradient":""}},"ast-content-background-meta":{"desktop":{"background-color":"var(--ast-global-color-5)","background-image":"","background-repeat":"repeat","background-position":"center center","background-size":"auto","background-attachment":"scroll","background-type":"","background-media":"","overlay-type":"","overlay-color":"","overlay-opacity":"","overlay-gradient":""},"tablet":{"background-color":"var(--ast-global-color-5)","background-image":"","background-repeat":"repeat","background-position":"center center","background-size":"auto","background-attachment":"scroll","background-type":"","background-media":"","overlay-type":"","overlay-color":"","overlay-opacity":"","overlay-gradient":""},"mobile":{"background-color":"var(--ast-global-color-5)","background-image":"","background-repeat":"repeat","background-position":"center center","background-size":"auto","background-attachment":"scroll","background-type":"","background-media":"","overlay-type":"","overlay-color":"","overlay-opacity":"","overlay-gradient":""}},"_joinchat":[],"footnotes":""},"class_list":["post-1702","page","type-page","status-publish","hentry"],"aioseo_notices":[],"_links":{"self":[{"href":"https:\/\/medicalservice.com.ar\/laboral\/wp-json\/wp\/v2\/pages\/1702","targetHints":{"allow":["GET"]}}],"collection":[{"href":"https:\/\/medicalservice.com.ar\/laboral\/wp-json\/wp\/v2\/pages"}],"about":[{"href":"https:\/\/medicalservice.com.ar\/laboral\/wp-json\/wp\/v2\/types\/page"}],"author":[{"embeddable":true,"href":"https:\/\/medicalservice.com.ar\/laboral\/wp-json\/wp\/v2\/users\/1"}],"replies":[{"embeddable":true,"href":"https:\/\/medicalservice.com.ar\/laboral\/wp-json\/wp\/v2\/comments?post=1702"}],"version-history":[{"count":45,"href":"https:\/\/medicalservice.com.ar\/laboral\/wp-json\/wp\/v2\/pages\/1702\/revisions"}],"predecessor-version":[{"id":2371,"href":"https:\/\/medicalservice.com.ar\/laboral\/wp-json\/wp\/v2\/pages\/1702\/revisions\/2371"}],"wp:attachment":[{"href":"https:\/\/medicalservice.com.ar\/laboral\/wp-json\/wp\/v2\/media?parent=1702"}],"curies":[{"name":"wp","href":"https:\/\/api.w.org\/{rel}","templated":true}]}}