{"id":36,"date":"2023-07-02T22:44:40","date_gmt":"2023-07-03T01:44:40","guid":{"rendered":"https:\/\/medicalservice.com.ar\/?page_id=36"},"modified":"2025-08-05T15:57:21","modified_gmt":"2025-08-05T18:57:21","slug":"medicina-al-alcance","status":"publish","type":"page","link":"https:\/\/medicalservice.com.ar\/","title":{"rendered":"Inicio"},"content":{"rendered":"\t\t<div data-elementor-type=\"wp-page\" data-elementor-id=\"36\" class=\"elementor elementor-36\" data-elementor-settings=\"{&quot;ha_cmc_init_switcher&quot;:&quot;no&quot;}\" data-elementor-post-type=\"page\">\n\t\t\t\t<header class=\"elementor-element elementor-element-8f5310b e-con-full e-flex e-con e-parent\" data-id=\"8f5310b\" data-element_type=\"container\">\n\t\t<div class=\"elementor-element elementor-element-03e119d e-con-full e-flex e-con e-child\" data-id=\"03e119d\" data-element_type=\"container\">\n\t\t\t\t<div class=\"elementor-element elementor-element-5e160ca elementor-widget elementor-widget-image\" data-id=\"5e160ca\" data-element_type=\"widget\" data-widget_type=\"image.default\">\n\t\t\t\t<div class=\"elementor-widget-container\">\n\t\t\t\t\t\t\t\t\t\t\t\t\t\t\t<img fetchpriority=\"high\" decoding=\"async\" width=\"585\" height=\"115\" src=\"https:\/\/medicalservice.com.ar\/wp-content\/uploads\/2023\/07\/MedicalService-Medicina.svg\" class=\"attachment-full size-full wp-image-43\" alt=\"Tenemos m\u00e1s de 10 a\u00f1os de trayectoria trabajando para grandes empresas. \u00a1Sumate! Somos expertos en Medicina Laboral. En constante Evoluci\u00f3n. Tecnolog\u00eda de Primera.\" \/>\t\t\t\t\t\t\t\t\t\t\t\t\t\t\t<\/div>\n\t\t\t\t<\/div>\n\t\t\t\t<div class=\"elementor-element elementor-element-a9b1538 elementor-widget elementor-widget-heading\" data-id=\"a9b1538\" data-element_type=\"widget\" data-widget_type=\"heading.default\">\n\t\t\t\t<div class=\"elementor-widget-container\">\n\t\t\t\t\t<h1 class=\"elementor-heading-title elementor-size-default\">Medicina a tu alcance<\/h1>\t\t\t\t<\/div>\n\t\t\t\t<\/div>\n\t\t\t\t<\/div>\n\t\t<div class=\"elementor-element elementor-element-50c012f e-con-full e-flex e-con e-child\" data-id=\"50c012f\" data-element_type=\"container\">\n\t\t\t\t<div class=\"elementor-element elementor-element-ef7d26b elementor-widget elementor-widget-text-editor\" data-id=\"ef7d26b\" data-element_type=\"widget\" data-widget_type=\"text-editor.default\">\n\t\t\t\t<div class=\"elementor-widget-container\">\n\t\t\t\t\t\t\t\t\t<p>En <strong>Medical Service<\/strong>, ofrecemos una cobertura integral en medicina laboral, asistencia m\u00e9dica y servicios de traslados en ambulancia. Nuestro equipo de expertos en salud se compromete a adaptarse a tus necesidades individuales. No dudes en contactarnos hoy mismo y beneficiarte de nuestra amplia experiencia en el cuidado de tu salud.<\/p>\t\t\t\t\t\t\t\t<\/div>\n\t\t\t\t<\/div>\n\t\t\t\t<\/div>\n\t\t\t\t<\/header>\n\t\t<main class=\"elementor-element elementor-element-133727f e-con-full e-flex e-con e-parent\" data-id=\"133727f\" data-element_type=\"container\">\n\t\t<a class=\"elementor-element elementor-element-adf3eb2 e-con-full e-flex e-con e-child\" data-id=\"adf3eb2\" data-element_type=\"container\" href=\"\/laboral\" target=\"_blank\">\n\t\t<div class=\"elementor-element elementor-element-64f2dda e-con-full bg-web e-flex e-con e-child\" data-id=\"64f2dda\" data-element_type=\"container\" data-settings=\"{&quot;background_background&quot;:&quot;classic&quot;}\">\n\t\t\t\t<div class=\"elementor-element elementor-element-44e3186 elementor-widget elementor-widget-image\" data-id=\"44e3186\" data-element_type=\"widget\" data-widget_type=\"image.default\">\n\t\t\t\t<div class=\"elementor-widget-container\">\n\t\t\t\t\t\t\t\t\t\t\t\t\t\t\t<img decoding=\"async\" width=\"538\" height=\"100\" src=\"https:\/\/medicalservice.com.ar\/wp-content\/uploads\/2023\/07\/ms-laboral.svg\" class=\"attachment-full size-full wp-image-12\" alt=\"Medicina Laboral\" \/>\t\t\t\t\t\t\t\t\t\t\t\t\t\t\t<\/div>\n\t\t\t\t<\/div>\n\t\t\t\t<\/div>\n\t\t<div class=\"elementor-element elementor-element-fd4accf e-con-full e-flex e-con e-child\" data-id=\"fd4accf\" data-element_type=\"container\" data-settings=\"{&quot;background_background&quot;:&quot;classic&quot;}\">\n\t\t\t\t<\/div>\n\t\t\t\t<\/a>\n\t\t<a class=\"elementor-element elementor-element-b528d24 e-con-full e-flex e-con e-child\" data-id=\"b528d24\" data-element_type=\"container\" href=\"\/asistencial\" target=\"_blank\">\n\t\t<div class=\"elementor-element elementor-element-39499aa e-con-full bg-web e-flex e-con e-child\" data-id=\"39499aa\" data-element_type=\"container\" data-settings=\"{&quot;background_background&quot;:&quot;classic&quot;}\">\n\t\t\t\t<div class=\"elementor-element elementor-element-b0bb267 elementor-widget elementor-widget-image\" data-id=\"b0bb267\" data-element_type=\"widget\" data-widget_type=\"image.default\">\n\t\t\t\t<div class=\"elementor-widget-container\">\n\t\t\t\t\t\t\t\t\t\t\t\t\t\t\t<img decoding=\"async\" width=\"538\" height=\"100\" src=\"https:\/\/medicalservice.com.ar\/wp-content\/uploads\/2023\/07\/ms-asistencial.svg\" class=\"attachment-full size-full wp-image-138\" alt=\"Medicina Asistencial\" \/>\t\t\t\t\t\t\t\t\t\t\t\t\t\t\t<\/div>\n\t\t\t\t<\/div>\n\t\t\t\t<\/div>\n\t\t<div class=\"elementor-element elementor-element-6248f1b e-con-full e-flex e-con e-child\" data-id=\"6248f1b\" data-element_type=\"container\" data-settings=\"{&quot;background_background&quot;:&quot;classic&quot;}\">\n\t\t\t\t<\/div>\n\t\t\t\t<\/a>\n\t\t<a class=\"elementor-element elementor-element-f549c67 e-con-full e-flex e-con e-child\" data-id=\"f549c67\" data-element_type=\"container\" href=\"\/ambulancias\" target=\"_blank\">\n\t\t<div class=\"elementor-element elementor-element-84e6325 e-con-full bg-web e-flex e-con e-child\" data-id=\"84e6325\" data-element_type=\"container\" data-settings=\"{&quot;background_background&quot;:&quot;classic&quot;}\">\n\t\t\t\t<div class=\"elementor-element elementor-element-cd94876 elementor-widget elementor-widget-image\" data-id=\"cd94876\" data-element_type=\"widget\" data-widget_type=\"image.default\">\n\t\t\t\t<div class=\"elementor-widget-container\">\n\t\t\t\t\t\t\t\t\t\t\t\t\t\t\t<img loading=\"lazy\" decoding=\"async\" width=\"594\" height=\"120\" src=\"https:\/\/medicalservice.com.ar\/wp-content\/uploads\/2023\/07\/ambulancias.svg\" class=\"attachment-full size-full wp-image-148\" alt=\"\" \/>\t\t\t\t\t\t\t\t\t\t\t\t\t\t\t<\/div>\n\t\t\t\t<\/div>\n\t\t\t\t<\/div>\n\t\t<div class=\"elementor-element elementor-element-da43b2c e-con-full e-flex e-con e-child\" data-id=\"da43b2c\" data-element_type=\"container\" data-settings=\"{&quot;background_background&quot;:&quot;classic&quot;}\">\n\t\t\t\t<\/div>\n\t\t\t\t<\/a>\n\t\t\t\t<\/main>\n\t\t\t\t<\/div>\n\t\t","protected":false},"excerpt":{"rendered":"<p>Medicina a tu alcance En Medical Service, ofrecemos una cobertura integral en medicina laboral, asistencia m\u00e9dica y servicios de traslados en ambulancia. Nuestro equipo de expertos en salud se compromete a adaptarse a tus necesidades individuales. No dudes en contactarnos hoy mismo y beneficiarte de nuestra amplia experiencia en el cuidado de tu salud.<\/p>\n","protected":false},"author":1,"featured_media":33,"parent":0,"menu_order":0,"comment_status":"closed","ping_status":"closed","template":"elementor_canvas","meta":{"site-sidebar-layout":"no-sidebar","site-content-layout":"page-builder","ast-site-content-layout":"full-width-container","site-content-style":"unboxed","site-sidebar-style":"unboxed","ast-global-header-display":"","ast-banner-title-visibility":"","ast-main-header-display":"","ast-hfb-above-header-display":"","ast-hfb-below-header-display":"","ast-hfb-mobile-header-display":"","site-post-title":"disabled","ast-breadcrumbs-content":"","ast-featured-img":"disabled","footer-sml-layout":"","theme-transparent-header-meta":"","adv-header-id-meta":"","stick-header-meta":"","header-above-stick-meta":"","header-main-stick-meta":"","header-below-stick-meta":"","astra-migrate-meta-layouts":"set","ast-page-background-enabled":"default","ast-page-background-meta":{"desktop":{"background-color":"var(--ast-global-color-4)","background-image":"","background-repeat":"repeat","background-position":"center center","background-size":"auto","background-attachment":"scroll","background-type":"","background-media":"","overlay-type":"","overlay-color":"","overlay-opacity":"","overlay-gradient":""},"tablet":{"background-color":"","background-image":"","background-repeat":"repeat","background-position":"center center","background-size":"auto","background-attachment":"scroll","background-type":"","background-media":"","overlay-type":"","overlay-color":"","overlay-opacity":"","overlay-gradient":""},"mobile":{"background-color":"","background-image":"","background-repeat":"repeat","background-position":"center center","background-size":"auto","background-attachment":"scroll","background-type":"","background-media":"","overlay-type":"","overlay-color":"","overlay-opacity":"","overlay-gradient":""}},"ast-content-background-meta":{"desktop":{"background-color":"var(--ast-global-color-5)","background-image":"","background-repeat":"repeat","background-position":"center center","background-size":"auto","background-attachment":"scroll","background-type":"","background-media":"","overlay-type":"","overlay-color":"","overlay-opacity":"","overlay-gradient":""},"tablet":{"background-color":"var(--ast-global-color-5)","background-image":"","background-repeat":"repeat","background-position":"center center","background-size":"auto","background-attachment":"scroll","background-type":"","background-media":"","overlay-type":"","overlay-color":"","overlay-opacity":"","overlay-gradient":""},"mobile":{"background-color":"var(--ast-global-color-5)","background-image":"","background-repeat":"repeat","background-position":"center center","background-size":"auto","background-attachment":"scroll","background-type":"","background-media":"","overlay-type":"","overlay-color":"","overlay-opacity":"","overlay-gradient":""}},"footnotes":""},"class_list":["post-36","page","type-page","status-publish","has-post-thumbnail","hentry"],"yoast_head":"<!-- This site is optimized with the Yoast SEO plugin v25.6 - https:\/\/yoast.com\/wordpress\/plugins\/seo\/ -->\n<title>MedicalService - Medicina a tu alcance<\/title>\n<meta name=\"description\" content=\"M\u00e1s de 10 a\u00f1os acompa\u00f1ando a empresas con soluciones en medicina laboral: control de ausentismo, ex\u00e1menes preocupacionales, m\u00e9dico in company, higiene y salud ocupacional.\" \/>\n<meta name=\"robots\" content=\"index, follow, max-snippet:-1, max-image-preview:large, max-video-preview:-1\" \/>\n<link rel=\"canonical\" href=\"https:\/\/medicalservice.com.ar\/\" \/>\n<meta property=\"og:locale\" content=\"es_ES\" \/>\n<meta property=\"og:type\" content=\"article\" \/>\n<meta property=\"og:title\" content=\"Medicina a tu Alcance\" \/>\n<meta property=\"og:description\" content=\"Descubre nuestros completos servicios de medicina laboral, asistencial y ambulancias para traslados m\u00e9dicos. Somos expertos en salud comprometidos en adaptarnos a tus necesidades. \u00a1Cont\u00e1ctanos ahora y benef\u00edciate de nuestra experiencia en el cuidado de tu salud!\" \/>\n<meta property=\"og:url\" content=\"https:\/\/medicalservice.com.ar\/\" \/>\n<meta property=\"og:site_name\" content=\"MedicalService - Medicina\" \/>\n<meta property=\"article:modified_time\" content=\"2025-08-05T18:57:21+00:00\" \/>\n<meta property=\"og:image\" content=\"http:\/\/medicalservice.com.ar\/wp-content\/uploads\/2023\/07\/MedicalService-medicina.jpg\" \/>\n\t<meta property=\"og:image:width\" content=\"1200\" \/>\n\t<meta property=\"og:image:height\" content=\"675\" \/>\n\t<meta property=\"og:image:type\" content=\"image\/jpeg\" \/>\n<meta name=\"twitter:card\" content=\"summary_large_image\" \/>\n<meta name=\"twitter:title\" content=\"Medicina a tu alcance\" \/>\n<meta name=\"twitter:description\" content=\"Descubre nuestros completos servicios de medicina laboral, asistencial y ambulancias para traslados m\u00e9dicos. Somos expertos en salud comprometidos en adaptarnos a tus necesidades. \u00a1Cont\u00e1ctanos ahora y benef\u00edciate de nuestra experiencia en el cuidado de tu salud! %\" \/>\n<meta name=\"twitter:image\" content=\"https:\/\/medicalservice.com.ar\/wp-content\/uploads\/2023\/07\/MedicalService-medicina.jpg\" \/>\n<meta name=\"twitter:label1\" content=\"Tiempo de lectura\" \/>\n\t<meta name=\"twitter:data1\" content=\"2 minutos\" \/>\n<script type=\"application\/ld+json\" class=\"yoast-schema-graph\">{\"@context\":\"https:\/\/schema.org\",\"@graph\":[{\"@type\":\"Article\",\"@id\":\"https:\/\/medicalservice.com.ar\/#article\",\"isPartOf\":{\"@id\":\"https:\/\/medicalservice.com.ar\/\"},\"author\":{\"name\":\"medical-crowadmin\",\"@id\":\"https:\/\/medicalservice.com.ar\/#\/schema\/person\/c7fb59c0b4579e8385799de018804387\"},\"headline\":\"Inicio\",\"datePublished\":\"2023-07-03T01:44:40+00:00\",\"dateModified\":\"2025-08-05T18:57:21+00:00\",\"mainEntityOfPage\":{\"@id\":\"https:\/\/medicalservice.com.ar\/\"},\"wordCount\":56,\"publisher\":{\"@id\":\"https:\/\/medicalservice.com.ar\/#organization\"},\"image\":{\"@id\":\"https:\/\/medicalservice.com.ar\/#primaryimage\"},\"thumbnailUrl\":\"https:\/\/medicalservice.com.ar\/wp-content\/uploads\/2023\/07\/MedicalService-medicina.jpg\",\"inLanguage\":\"es-AR\"},{\"@type\":\"WebPage\",\"@id\":\"https:\/\/medicalservice.com.ar\/\",\"url\":\"https:\/\/medicalservice.com.ar\/\",\"name\":\"MedicalService - Medicina a tu alcance\",\"isPartOf\":{\"@id\":\"https:\/\/medicalservice.com.ar\/#website\"},\"primaryImageOfPage\":{\"@id\":\"https:\/\/medicalservice.com.ar\/#primaryimage\"},\"image\":{\"@id\":\"https:\/\/medicalservice.com.ar\/#primaryimage\"},\"thumbnailUrl\":\"https:\/\/medicalservice.com.ar\/wp-content\/uploads\/2023\/07\/MedicalService-medicina.jpg\",\"datePublished\":\"2023-07-03T01:44:40+00:00\",\"dateModified\":\"2025-08-05T18:57:21+00:00\",\"description\":\"M\u00e1s de 10 a\u00f1os acompa\u00f1ando a empresas con soluciones en medicina laboral: control de ausentismo, ex\u00e1menes preocupacionales, m\u00e9dico in company, higiene y salud ocupacional.\",\"breadcrumb\":{\"@id\":\"https:\/\/medicalservice.com.ar\/#breadcrumb\"},\"inLanguage\":\"es-AR\",\"potentialAction\":[{\"@type\":\"ReadAction\",\"target\":[\"https:\/\/medicalservice.com.ar\/\"]}]},{\"@type\":\"ImageObject\",\"inLanguage\":\"es-AR\",\"@id\":\"https:\/\/medicalservice.com.ar\/#primaryimage\",\"url\":\"https:\/\/medicalservice.com.ar\/wp-content\/uploads\/2023\/07\/MedicalService-medicina.jpg\",\"contentUrl\":\"https:\/\/medicalservice.com.ar\/wp-content\/uploads\/2023\/07\/MedicalService-medicina.jpg\",\"width\":1200,\"height\":675,\"caption\":\"Tenemos m\u00e1s de 10 a\u00f1os de trayectoria trabajando para grandes empresas. \u00a1Sumate! Somos expertos en Medicina Laboral. En constante Evoluci\u00f3n. Tecnolog\u00eda de Primera.\"},{\"@type\":\"BreadcrumbList\",\"@id\":\"https:\/\/medicalservice.com.ar\/#breadcrumb\",\"itemListElement\":[{\"@type\":\"ListItem\",\"position\":1,\"name\":\"Inicio\",\"item\":\"https:\/\/medicalservice.com.ar\/\"},{\"@type\":\"ListItem\",\"position\":2,\"name\":\"Medicina Laboral\"}]},{\"@type\":\"WebSite\",\"@id\":\"https:\/\/medicalservice.com.ar\/#website\",\"url\":\"https:\/\/medicalservice.com.ar\/\",\"name\":\"MedicalService\",\"description\":\"Medicina laboral, asistencial y ambulancias\",\"publisher\":{\"@id\":\"https:\/\/medicalservice.com.ar\/#organization\"},\"alternateName\":\"Medicina Laboral & Asistencial\",\"potentialAction\":[{\"@type\":\"SearchAction\",\"target\":{\"@type\":\"EntryPoint\",\"urlTemplate\":\"https:\/\/medicalservice.com.ar\/?s={search_term_string}\"},\"query-input\":{\"@type\":\"PropertyValueSpecification\",\"valueRequired\":true,\"valueName\":\"search_term_string\"}}],\"inLanguage\":\"es-AR\"},{\"@type\":\"Organization\",\"@id\":\"https:\/\/medicalservice.com.ar\/#organization\",\"name\":\"MedicalService\",\"alternateName\":\"Medicina Laboral & Asistencial\",\"url\":\"https:\/\/medicalservice.com.ar\/\",\"logo\":{\"@type\":\"ImageObject\",\"inLanguage\":\"es-AR\",\"@id\":\"https:\/\/medicalservice.com.ar\/#\/schema\/logo\/image\/\",\"url\":\"https:\/\/medicalservice.com.ar\/wp-content\/uploads\/2023\/07\/ms-laboral.svg\",\"contentUrl\":\"https:\/\/medicalservice.com.ar\/wp-content\/uploads\/2023\/07\/ms-laboral.svg\",\"width\":538,\"height\":100,\"caption\":\"MedicalService\"},\"image\":{\"@id\":\"https:\/\/medicalservice.com.ar\/#\/schema\/logo\/image\/\"},\"sameAs\":[\"https:\/\/www.instagram.com\/medicalservicearg\"]},{\"@type\":\"Person\",\"@id\":\"https:\/\/medicalservice.com.ar\/#\/schema\/person\/c7fb59c0b4579e8385799de018804387\",\"name\":\"medical-crowadmin\",\"image\":{\"@type\":\"ImageObject\",\"inLanguage\":\"es-AR\",\"@id\":\"https:\/\/medicalservice.com.ar\/#\/schema\/person\/image\/\",\"url\":\"https:\/\/secure.gravatar.com\/avatar\/5a63b88bd99431953d9434e2764db83b8d2fcbecd1b7c347ea589cbbbbab6c6d?s=96&d=mm&r=g\",\"contentUrl\":\"https:\/\/secure.gravatar.com\/avatar\/5a63b88bd99431953d9434e2764db83b8d2fcbecd1b7c347ea589cbbbbab6c6d?s=96&d=mm&r=g\",\"caption\":\"medical-crowadmin\"},\"sameAs\":[\"https:\/\/estudiocrow.com\"],\"url\":\"https:\/\/medicalservice.com.ar\/index.php\/author\/medicalservice-com-ar\/\"}]}<\/script>\n<!-- \/ Yoast SEO plugin. -->","yoast_head_json":{"title":"MedicalService - Medicina a tu alcance","description":"M\u00e1s de 10 a\u00f1os acompa\u00f1ando a empresas con soluciones en medicina laboral: control de ausentismo, ex\u00e1menes preocupacionales, m\u00e9dico in company, higiene y salud ocupacional.","robots":{"index":"index","follow":"follow","max-snippet":"max-snippet:-1","max-image-preview":"max-image-preview:large","max-video-preview":"max-video-preview:-1"},"canonical":"https:\/\/medicalservice.com.ar\/","og_locale":"es_ES","og_type":"article","og_title":"Medicina a tu Alcance","og_description":"Descubre nuestros completos servicios de medicina laboral, asistencial y ambulancias para traslados m\u00e9dicos. Somos expertos en salud comprometidos en adaptarnos a tus necesidades. \u00a1Cont\u00e1ctanos ahora y benef\u00edciate de nuestra experiencia en el cuidado de tu salud!","og_url":"https:\/\/medicalservice.com.ar\/","og_site_name":"MedicalService - Medicina","article_modified_time":"2025-08-05T18:57:21+00:00","og_image":[{"width":1200,"height":675,"url":"http:\/\/medicalservice.com.ar\/wp-content\/uploads\/2023\/07\/MedicalService-medicina.jpg","type":"image\/jpeg"}],"twitter_card":"summary_large_image","twitter_title":"Medicina a tu alcance","twitter_description":"Descubre nuestros completos servicios de medicina laboral, asistencial y ambulancias para traslados m\u00e9dicos. Somos expertos en salud comprometidos en adaptarnos a tus necesidades. \u00a1Cont\u00e1ctanos ahora y benef\u00edciate de nuestra experiencia en el cuidado de tu salud! %","twitter_image":"https:\/\/medicalservice.com.ar\/wp-content\/uploads\/2023\/07\/MedicalService-medicina.jpg","twitter_misc":{"Tiempo de lectura":"2 minutos"},"schema":{"@context":"https:\/\/schema.org","@graph":[{"@type":"Article","@id":"https:\/\/medicalservice.com.ar\/#article","isPartOf":{"@id":"https:\/\/medicalservice.com.ar\/"},"author":{"name":"medical-crowadmin","@id":"https:\/\/medicalservice.com.ar\/#\/schema\/person\/c7fb59c0b4579e8385799de018804387"},"headline":"Inicio","datePublished":"2023-07-03T01:44:40+00:00","dateModified":"2025-08-05T18:57:21+00:00","mainEntityOfPage":{"@id":"https:\/\/medicalservice.com.ar\/"},"wordCount":56,"publisher":{"@id":"https:\/\/medicalservice.com.ar\/#organization"},"image":{"@id":"https:\/\/medicalservice.com.ar\/#primaryimage"},"thumbnailUrl":"https:\/\/medicalservice.com.ar\/wp-content\/uploads\/2023\/07\/MedicalService-medicina.jpg","inLanguage":"es-AR"},{"@type":"WebPage","@id":"https:\/\/medicalservice.com.ar\/","url":"https:\/\/medicalservice.com.ar\/","name":"MedicalService - Medicina a tu alcance","isPartOf":{"@id":"https:\/\/medicalservice.com.ar\/#website"},"primaryImageOfPage":{"@id":"https:\/\/medicalservice.com.ar\/#primaryimage"},"image":{"@id":"https:\/\/medicalservice.com.ar\/#primaryimage"},"thumbnailUrl":"https:\/\/medicalservice.com.ar\/wp-content\/uploads\/2023\/07\/MedicalService-medicina.jpg","datePublished":"2023-07-03T01:44:40+00:00","dateModified":"2025-08-05T18:57:21+00:00","description":"M\u00e1s de 10 a\u00f1os acompa\u00f1ando a empresas con soluciones en medicina laboral: control de ausentismo, ex\u00e1menes preocupacionales, m\u00e9dico in company, higiene y salud ocupacional.","breadcrumb":{"@id":"https:\/\/medicalservice.com.ar\/#breadcrumb"},"inLanguage":"es-AR","potentialAction":[{"@type":"ReadAction","target":["https:\/\/medicalservice.com.ar\/"]}]},{"@type":"ImageObject","inLanguage":"es-AR","@id":"https:\/\/medicalservice.com.ar\/#primaryimage","url":"https:\/\/medicalservice.com.ar\/wp-content\/uploads\/2023\/07\/MedicalService-medicina.jpg","contentUrl":"https:\/\/medicalservice.com.ar\/wp-content\/uploads\/2023\/07\/MedicalService-medicina.jpg","width":1200,"height":675,"caption":"Tenemos m\u00e1s de 10 a\u00f1os de trayectoria trabajando para grandes empresas. \u00a1Sumate! Somos expertos en Medicina Laboral. En constante Evoluci\u00f3n. Tecnolog\u00eda de Primera."},{"@type":"BreadcrumbList","@id":"https:\/\/medicalservice.com.ar\/#breadcrumb","itemListElement":[{"@type":"ListItem","position":1,"name":"Inicio","item":"https:\/\/medicalservice.com.ar\/"},{"@type":"ListItem","position":2,"name":"Medicina Laboral"}]},{"@type":"WebSite","@id":"https:\/\/medicalservice.com.ar\/#website","url":"https:\/\/medicalservice.com.ar\/","name":"MedicalService","description":"Medicina laboral, asistencial y ambulancias","publisher":{"@id":"https:\/\/medicalservice.com.ar\/#organization"},"alternateName":"Medicina Laboral & Asistencial","potentialAction":[{"@type":"SearchAction","target":{"@type":"EntryPoint","urlTemplate":"https:\/\/medicalservice.com.ar\/?s={search_term_string}"},"query-input":{"@type":"PropertyValueSpecification","valueRequired":true,"valueName":"search_term_string"}}],"inLanguage":"es-AR"},{"@type":"Organization","@id":"https:\/\/medicalservice.com.ar\/#organization","name":"MedicalService","alternateName":"Medicina Laboral & Asistencial","url":"https:\/\/medicalservice.com.ar\/","logo":{"@type":"ImageObject","inLanguage":"es-AR","@id":"https:\/\/medicalservice.com.ar\/#\/schema\/logo\/image\/","url":"https:\/\/medicalservice.com.ar\/wp-content\/uploads\/2023\/07\/ms-laboral.svg","contentUrl":"https:\/\/medicalservice.com.ar\/wp-content\/uploads\/2023\/07\/ms-laboral.svg","width":538,"height":100,"caption":"MedicalService"},"image":{"@id":"https:\/\/medicalservice.com.ar\/#\/schema\/logo\/image\/"},"sameAs":["https:\/\/www.instagram.com\/medicalservicearg"]},{"@type":"Person","@id":"https:\/\/medicalservice.com.ar\/#\/schema\/person\/c7fb59c0b4579e8385799de018804387","name":"medical-crowadmin","image":{"@type":"ImageObject","inLanguage":"es-AR","@id":"https:\/\/medicalservice.com.ar\/#\/schema\/person\/image\/","url":"https:\/\/secure.gravatar.com\/avatar\/5a63b88bd99431953d9434e2764db83b8d2fcbecd1b7c347ea589cbbbbab6c6d?s=96&d=mm&r=g","contentUrl":"https:\/\/secure.gravatar.com\/avatar\/5a63b88bd99431953d9434e2764db83b8d2fcbecd1b7c347ea589cbbbbab6c6d?s=96&d=mm&r=g","caption":"medical-crowadmin"},"sameAs":["https:\/\/estudiocrow.com"],"url":"https:\/\/medicalservice.com.ar\/index.php\/author\/medicalservice-com-ar\/"}]}},"_links":{"self":[{"href":"https:\/\/medicalservice.com.ar\/index.php\/wp-json\/wp\/v2\/pages\/36","targetHints":{"allow":["GET"]}}],"collection":[{"href":"https:\/\/medicalservice.com.ar\/index.php\/wp-json\/wp\/v2\/pages"}],"about":[{"href":"https:\/\/medicalservice.com.ar\/index.php\/wp-json\/wp\/v2\/types\/page"}],"author":[{"embeddable":true,"href":"https:\/\/medicalservice.com.ar\/index.php\/wp-json\/wp\/v2\/users\/1"}],"replies":[{"embeddable":true,"href":"https:\/\/medicalservice.com.ar\/index.php\/wp-json\/wp\/v2\/comments?post=36"}],"version-history":[{"count":252,"href":"https:\/\/medicalservice.com.ar\/index.php\/wp-json\/wp\/v2\/pages\/36\/revisions"}],"predecessor-version":[{"id":316,"href":"https:\/\/medicalservice.com.ar\/index.php\/wp-json\/wp\/v2\/pages\/36\/revisions\/316"}],"wp:featuredmedia":[{"embeddable":true,"href":"https:\/\/medicalservice.com.ar\/index.php\/wp-json\/wp\/v2\/media\/33"}],"wp:attachment":[{"href":"https:\/\/medicalservice.com.ar\/index.php\/wp-json\/wp\/v2\/media?parent=36"}],"curies":[{"name":"wp","href":"https:\/\/api.w.org\/{rel}","templated":true}]}}